{"id":5715,"date":"2025-08-19T16:07:23","date_gmt":"2025-08-19T13:07:23","guid":{"rendered":"https:\/\/mallemb.lv\/?page_id=5715"},"modified":"2025-08-20T15:55:11","modified_gmt":"2025-08-20T12:55:11","slug":"sadarbibas-partneri","status":"publish","type":"page","link":"https:\/\/mallemb.lv\/lv\/sadarbibas-partneri\/","title":{"rendered":"SADARB\u012aBAS PARTNERI"},"content":{"rendered":"\t\t<div data-elementor-type=\"wp-page\" data-elementor-id=\"5715\" class=\"elementor elementor-5715\">\n\t\t\t\t\t\t<section class=\"elementor-section elementor-top-section elementor-element elementor-element-fb304da elementor-section-stretched elementor-section-boxed elementor-section-height-default elementor-section-height-default\" data-id=\"fb304da\" data-element_type=\"section\" data-settings=\"{&quot;stretch_section&quot;:&quot;section-stretched&quot;}\">\n\t\t\t\t\t\t<div class=\"elementor-container elementor-column-gap-extended\">\n\t\t\t\t\t<div class=\"elementor-column elementor-col-100 elementor-top-column elementor-element elementor-element-4729218\" data-id=\"4729218\" data-element_type=\"column\">\n\t\t\t<div class=\"elementor-widget-wrap elementor-element-populated\">\n\t\t\t\t\t\t<div class=\"elementor-element elementor-element-f0aa951 elementor-widget elementor-widget-heading\" data-id=\"f0aa951\" data-element_type=\"widget\" data-widget_type=\"heading.default\">\n\t\t\t\t<div class=\"elementor-widget-container\">\n\t\t\t\t\t<h2 class=\"elementor-heading-title elementor-size-default\">SADARB\u012aBAS PARTNERI<\/h2>\t\t\t\t<\/div>\n\t\t\t\t<\/div>\n\t\t\t\t\t<\/div>\n\t\t<\/div>\n\t\t\t\t\t<\/div>\n\t\t<\/section>\n\t\t<div class=\"elementor-element elementor-element-4536102 e-flex e-con-boxed e-con e-parent\" data-id=\"4536102\" data-element_type=\"container\">\n\t\t\t\t\t<div class=\"e-con-inner\">\n\t\t<div class=\"elementor-element elementor-element-d53f8c3 e-con-full e-flex e-con e-child\" data-id=\"d53f8c3\" data-element_type=\"container\">\n\t\t\t\t<div class=\"elementor-element elementor-element-7ee097d elementor-widget elementor-widget-image\" data-id=\"7ee097d\" data-element_type=\"widget\" data-widget_type=\"image.default\">\n\t\t\t\t<div class=\"elementor-widget-container\">\n\t\t\t\t\t\t\t\t\t\t\t\t\t\t\t<img decoding=\"async\" width=\"350\" height=\"100\" src=\"data:image\/gif;base64,R0lGODlhAQABAIAAAAAAAP\/\/\/yH5BAEAAAAALAAAAAABAAEAAAIBRAA7\" data-src=\"https:\/\/mallemb.lv\/wp-content\/uploads\/2024\/04\/gastech_logo.webp\" class=\"attachment-large size-large wp-image-4294 lazyload\" alt=\"\" data-srcset=\"https:\/\/mallemb.lv\/wp-content\/uploads\/2024\/04\/gastech_logo.webp 350w, https:\/\/mallemb.lv\/wp-content\/uploads\/2024\/04\/gastech_logo-300x86.webp 300w\" sizes=\"(max-width: 350px) 100vw, 350px\" \/><noscript><img decoding=\"async\" width=\"350\" height=\"100\" src=\"https:\/\/mallemb.lv\/wp-content\/uploads\/2024\/04\/gastech_logo.webp\" class=\"attachment-large size-large wp-image-4294 lazyload\" alt=\"\" srcset=\"https:\/\/mallemb.lv\/wp-content\/uploads\/2024\/04\/gastech_logo.webp 350w, https:\/\/mallemb.lv\/wp-content\/uploads\/2024\/04\/gastech_logo-300x86.webp 300w\" sizes=\"(max-width: 350px) 100vw, 350px\" \/><\/noscript>\t\t\t\t\t\t\t\t\t\t\t\t\t\t\t<\/div>\n\t\t\t\t<\/div>\n\t\t\t\t<\/div>\n\t\t<div class=\"elementor-element elementor-element-b7dbb44 e-con-full e-flex e-con e-child\" data-id=\"b7dbb44\" data-element_type=\"container\">\n\t\t\t\t<div class=\"elementor-element elementor-element-16bb5a2 elementor-widget elementor-widget-text-editor\" data-id=\"16bb5a2\" data-element_type=\"widget\" data-widget_type=\"text-editor.default\">\n\t\t\t\t<div class=\"elementor-widget-container\">\n\t\t\t\t\t\t\t\t\t<h4 style=\"color: #fdc716;\"><b>SIA Gastech Baltic<\/b>\u00a0ir uzticams partneris m\u016bsdien\u012bgos apkures un dzes\u0113\u0161anas risin\u0101jumos. M\u0113s pal\u012bdzam gan priv\u0101tperson\u0101m, gan uz\u0146\u0113mumiem nodro\u0161in\u0101t komfortu visa gada garum\u0101, pied\u0101v\u0101jot kvalitat\u012bvu g\u0101zes katlu, siltums\u016bk\u0146u un kondicionieru uzst\u0101d\u012b\u0161anu, apkopi un remontu.<\/h4>\t\t\t\t\t\t\t\t<\/div>\n\t\t\t\t<\/div>\n\t\t\t\t<\/div>\n\t\t\t\t\t<\/div>\n\t\t\t\t<\/div>\n\t\t<div class=\"elementor-element elementor-element-3c05c08 e-flex e-con-boxed e-con e-parent\" data-id=\"3c05c08\" data-element_type=\"container\">\n\t\t\t\t\t<div class=\"e-con-inner\">\n\t\t<div class=\"elementor-element elementor-element-5ee9fff e-con-full e-flex e-con e-child\" data-id=\"5ee9fff\" data-element_type=\"container\">\n\t\t\t\t<div class=\"elementor-element elementor-element-9b44b1f elementor-widget elementor-widget-image\" data-id=\"9b44b1f\" data-element_type=\"widget\" data-widget_type=\"image.default\">\n\t\t\t\t<div class=\"elementor-widget-container\">\n\t\t\t\t\t\t\t\t\t\t\t\t\t\t\t<img fetchpriority=\"high\" decoding=\"async\" width=\"420\" height=\"180\" src=\"data:image\/gif;base64,R0lGODlhAQABAIAAAAAAAP\/\/\/yH5BAEAAAAALAAAAAABAAEAAAIBRAA7\" data-src=\"https:\/\/mallemb.lv\/wp-content\/uploads\/2025\/08\/eroof-sia_345495_420x180-removebg-preview.png\" class=\"attachment-large size-large wp-image-5719 lazyload\" alt=\"\" data-srcset=\"https:\/\/mallemb.lv\/wp-content\/uploads\/2025\/08\/eroof-sia_345495_420x180-removebg-preview.png 420w, https:\/\/mallemb.lv\/wp-content\/uploads\/2025\/08\/eroof-sia_345495_420x180-removebg-preview-300x129.png 300w, https:\/\/mallemb.lv\/wp-content\/uploads\/2025\/08\/eroof-sia_345495_420x180-removebg-preview-18x8.png 18w\" sizes=\"(max-width: 420px) 100vw, 420px\" \/><noscript><img loading=\"lazy\" decoding=\"async\" width=\"420\" height=\"180\" src=\"https:\/\/mallemb.lv\/wp-content\/uploads\/2025\/08\/eroof-sia_345495_420x180-removebg-preview.png\" class=\"attachment-large size-large wp-image-5719 lazyload\" alt=\"\" srcset=\"https:\/\/mallemb.lv\/wp-content\/uploads\/2025\/08\/eroof-sia_345495_420x180-removebg-preview.png 420w, https:\/\/mallemb.lv\/wp-content\/uploads\/2025\/08\/eroof-sia_345495_420x180-removebg-preview-300x129.png 300w, https:\/\/mallemb.lv\/wp-content\/uploads\/2025\/08\/eroof-sia_345495_420x180-removebg-preview-18x8.png 18w\" sizes=\"(max-width: 420px) 100vw, 420px\" \/><\/noscript>\t\t\t\t\t\t\t\t\t\t\t\t\t\t\t<\/div>\n\t\t\t\t<\/div>\n\t\t\t\t<\/div>\n\t\t<div class=\"elementor-element elementor-element-d5e1e82 e-con-full e-flex e-con e-child\" data-id=\"d5e1e82\" data-element_type=\"container\">\n\t\t\t\t<div class=\"elementor-element elementor-element-8aca558 elementor-widget elementor-widget-text-editor\" data-id=\"8aca558\" data-element_type=\"widget\" data-widget_type=\"text-editor.default\">\n\t\t\t\t<div class=\"elementor-widget-container\">\n\t\t\t\t\t\t\t\t\t<h4 style=\"color: #fdc716;\"><em style=\"color: #fdc716;\">Jumtu, sienu segumu t\u0101m\u0113\u0161ana, konsult\u0101cijas, transporta pakalpojumi<\/em>. Met\u0101la jumti, jumtu segumi, daksti\u0146profili, m\u0101la daksti\u0146i, valcprofils u.c..<\/h4>\t\t\t\t\t\t\t\t<\/div>\n\t\t\t\t<\/div>\n\t\t\t\t<\/div>\n\t\t\t\t\t<\/div>\n\t\t\t\t<\/div>\n\t\t<div class=\"elementor-element elementor-element-df323a6 e-flex e-con-boxed e-con e-parent\" data-id=\"df323a6\" data-element_type=\"container\" data-settings=\"{&quot;background_background&quot;:&quot;classic&quot;}\">\n\t\t\t\t\t<div class=\"e-con-inner\">\n\t\t<div class=\"elementor-element elementor-element-4ea4caa e-con-full e-flex e-con e-child\" data-id=\"4ea4caa\" data-element_type=\"container\">\n\t\t\t\t<div class=\"elementor-element elementor-element-cda988b elementor-widget elementor-widget-image\" data-id=\"cda988b\" data-element_type=\"widget\" data-widget_type=\"image.default\">\n\t\t\t\t<div class=\"elementor-widget-container\">\n\t\t\t\t\t\t\t\t\t\t\t\t\t\t\t<img loading=\"lazy\" decoding=\"async\" width=\"300\" height=\"188\" src=\"data:image\/gif;base64,R0lGODlhAQABAIAAAAAAAP\/\/\/yH5BAEAAAAALAAAAAABAAEAAAIBRAA7\" data-src=\"https:\/\/mallemb.lv\/wp-content\/uploads\/2025\/02\/cewood_logo-01-1_block-removebg-preview-300x188.png\" class=\"attachment-medium size-medium wp-image-5199 lazyload\" alt=\"\" data-srcset=\"https:\/\/mallemb.lv\/wp-content\/uploads\/2025\/02\/cewood_logo-01-1_block-removebg-preview-300x188.png 300w, https:\/\/mallemb.lv\/wp-content\/uploads\/2025\/02\/cewood_logo-01-1_block-removebg-preview-18x12.png 18w, https:\/\/mallemb.lv\/wp-content\/uploads\/2025\/02\/cewood_logo-01-1_block-removebg-preview.png 600w\" sizes=\"(max-width: 300px) 100vw, 300px\" \/><noscript><img loading=\"lazy\" decoding=\"async\" width=\"300\" height=\"188\" src=\"https:\/\/mallemb.lv\/wp-content\/uploads\/2025\/02\/cewood_logo-01-1_block-removebg-preview-300x188.png\" class=\"attachment-medium size-medium wp-image-5199 lazyload\" alt=\"\" srcset=\"https:\/\/mallemb.lv\/wp-content\/uploads\/2025\/02\/cewood_logo-01-1_block-removebg-preview-300x188.png 300w, https:\/\/mallemb.lv\/wp-content\/uploads\/2025\/02\/cewood_logo-01-1_block-removebg-preview-18x12.png 18w, https:\/\/mallemb.lv\/wp-content\/uploads\/2025\/02\/cewood_logo-01-1_block-removebg-preview.png 600w\" sizes=\"(max-width: 300px) 100vw, 300px\" \/><\/noscript>\t\t\t\t\t\t\t\t\t\t\t\t\t\t\t<\/div>\n\t\t\t\t<\/div>\n\t\t\t\t<\/div>\n\t\t<div class=\"elementor-element elementor-element-e10b96c e-con-full e-flex e-con e-child\" data-id=\"e10b96c\" data-element_type=\"container\">\n\t\t\t\t<div class=\"elementor-element elementor-element-0f629a4 elementor-widget elementor-widget-text-editor\" data-id=\"0f629a4\" data-element_type=\"widget\" data-widget_type=\"text-editor.default\">\n\t\t\t\t<div class=\"elementor-widget-container\">\n\t\t\t\t\t\t\t\t\t<h4 style=\"color: #fdc716;\">CEWOOD ir vien\u012bgais \u0113ve\u013cskaidu pl\u0101t\u0146u ra\u017eot\u0101js Baltijas valst\u012bs un viens no vado\u0161ajiem nozares uz\u0146\u0113mumiem pasaul\u0113.<\/h4>\t\t\t\t\t\t\t\t<\/div>\n\t\t\t\t<\/div>\n\t\t\t\t<\/div>\n\t\t\t\t\t<\/div>\n\t\t\t\t<\/div>\n\t\t<div class=\"elementor-element elementor-element-c57af1e e-flex e-con-boxed e-con e-parent\" data-id=\"c57af1e\" data-element_type=\"container\">\n\t\t\t\t\t<div class=\"e-con-inner\">\n\t\t<div class=\"elementor-element elementor-element-1648595 e-con-full e-flex e-con e-child\" data-id=\"1648595\" data-element_type=\"container\">\n\t\t\t\t<div class=\"elementor-element elementor-element-f68be44 elementor-widget elementor-widget-image\" data-id=\"f68be44\" data-element_type=\"widget\" data-widget_type=\"image.default\">\n\t\t\t\t<div class=\"elementor-widget-container\">\n\t\t\t\t\t\t\t\t\t\t\t\t\t\t\t<img loading=\"lazy\" decoding=\"async\" width=\"300\" height=\"300\" src=\"data:image\/gif;base64,R0lGODlhAQABAIAAAAAAAP\/\/\/yH5BAEAAAAALAAAAAABAAEAAAIBRAA7\" data-src=\"https:\/\/mallemb.lv\/wp-content\/uploads\/2025\/02\/caparol-logo-300x300.png\" class=\"attachment-medium size-medium wp-image-5205 lazyload\" alt=\"\" data-srcset=\"https:\/\/mallemb.lv\/wp-content\/uploads\/2025\/02\/caparol-logo-300x300.png 300w, https:\/\/mallemb.lv\/wp-content\/uploads\/2025\/02\/caparol-logo-1024x1024.png 1024w, https:\/\/mallemb.lv\/wp-content\/uploads\/2025\/02\/caparol-logo-150x150.png 150w, https:\/\/mallemb.lv\/wp-content\/uploads\/2025\/02\/caparol-logo-768x768.png 768w, https:\/\/mallemb.lv\/wp-content\/uploads\/2025\/02\/caparol-logo-12x12.png 12w, https:\/\/mallemb.lv\/wp-content\/uploads\/2025\/02\/caparol-logo-100x100.png 100w, https:\/\/mallemb.lv\/wp-content\/uploads\/2025\/02\/caparol-logo-500x500.png 500w, https:\/\/mallemb.lv\/wp-content\/uploads\/2025\/02\/caparol-logo-85x85.png 85w, https:\/\/mallemb.lv\/wp-content\/uploads\/2025\/02\/caparol-logo-600x600.png 600w, https:\/\/mallemb.lv\/wp-content\/uploads\/2025\/02\/caparol-logo.png 1042w\" sizes=\"(max-width: 300px) 100vw, 300px\" \/><noscript><img loading=\"lazy\" decoding=\"async\" width=\"300\" height=\"300\" src=\"https:\/\/mallemb.lv\/wp-content\/uploads\/2025\/02\/caparol-logo-300x300.png\" class=\"attachment-medium size-medium wp-image-5205 lazyload\" alt=\"\" srcset=\"https:\/\/mallemb.lv\/wp-content\/uploads\/2025\/02\/caparol-logo-300x300.png 300w, https:\/\/mallemb.lv\/wp-content\/uploads\/2025\/02\/caparol-logo-1024x1024.png 1024w, https:\/\/mallemb.lv\/wp-content\/uploads\/2025\/02\/caparol-logo-150x150.png 150w, https:\/\/mallemb.lv\/wp-content\/uploads\/2025\/02\/caparol-logo-768x768.png 768w, https:\/\/mallemb.lv\/wp-content\/uploads\/2025\/02\/caparol-logo-12x12.png 12w, https:\/\/mallemb.lv\/wp-content\/uploads\/2025\/02\/caparol-logo-100x100.png 100w, https:\/\/mallemb.lv\/wp-content\/uploads\/2025\/02\/caparol-logo-500x500.png 500w, https:\/\/mallemb.lv\/wp-content\/uploads\/2025\/02\/caparol-logo-85x85.png 85w, https:\/\/mallemb.lv\/wp-content\/uploads\/2025\/02\/caparol-logo-600x600.png 600w, https:\/\/mallemb.lv\/wp-content\/uploads\/2025\/02\/caparol-logo.png 1042w\" sizes=\"(max-width: 300px) 100vw, 300px\" \/><\/noscript>\t\t\t\t\t\t\t\t\t\t\t\t\t\t\t<\/div>\n\t\t\t\t<\/div>\n\t\t\t\t<\/div>\n\t\t<div class=\"elementor-element elementor-element-0504b7c e-con-full e-flex e-con e-child\" data-id=\"0504b7c\" data-element_type=\"container\">\n\t\t\t\t<div class=\"elementor-element elementor-element-987f72d elementor-widget elementor-widget-text-editor\" data-id=\"987f72d\" data-element_type=\"widget\" data-widget_type=\"text-editor.default\">\n\t\t\t\t<div class=\"elementor-widget-container\">\n\t\t\t\t\t\t\t\t\t<h4 style=\"color: #fdc716;\"><em>Caparol &#8211; kr\u0101sas, lakas, \u0113ku aizsardz\u012bba un siltumizol\u0101cija viens no liel\u0101kajiem uz\u0146\u0113mumiem apdares materi\u0101lu jom\u0101<\/em>. Kvalit\u0101te, inov\u0101cijas, pla\u0161s produktu pied\u0101v\u0101jums!c<\/h4><div class=\"notranslate HGLrXd ojE3Fb\"><div class=\"q0vns\"><div class=\"CA5RN\"><div class=\"byrV5b\">\u00a0<\/div><\/div><\/div><\/div>\t\t\t\t\t\t\t\t<\/div>\n\t\t\t\t<\/div>\n\t\t\t\t<\/div>\n\t\t\t\t\t<\/div>\n\t\t\t\t<\/div>\n\t\t<div class=\"elementor-element elementor-element-93faad6 e-flex e-con-boxed e-con e-parent\" data-id=\"93faad6\" data-element_type=\"container\">\n\t\t\t\t\t<div class=\"e-con-inner\">\n\t\t<div class=\"elementor-element elementor-element-2903c95 e-con-full e-flex e-con e-child\" data-id=\"2903c95\" data-element_type=\"container\">\n\t\t\t\t<div class=\"elementor-element elementor-element-b3af361 elementor-widget elementor-widget-image\" data-id=\"b3af361\" data-element_type=\"widget\" data-widget_type=\"image.default\">\n\t\t\t\t<div class=\"elementor-widget-container\">\n\t\t\t\t\t\t\t\t\t\t\t\t\t\t\t<img loading=\"lazy\" decoding=\"async\" width=\"200\" height=\"200\" src=\"data:image\/gif;base64,R0lGODlhAQABAIAAAAAAAP\/\/\/yH5BAEAAAAALAAAAAABAAEAAAIBRAA7\" data-src=\"https:\/\/mallemb.lv\/wp-content\/uploads\/2024\/04\/unnamed-removebg-preview.png\" class=\"attachment-large size-large wp-image-4324 lazyload\" alt=\"\" data-srcset=\"https:\/\/mallemb.lv\/wp-content\/uploads\/2024\/04\/unnamed-removebg-preview.png 200w, https:\/\/mallemb.lv\/wp-content\/uploads\/2024\/04\/unnamed-removebg-preview-100x100.png 100w, https:\/\/mallemb.lv\/wp-content\/uploads\/2024\/04\/unnamed-removebg-preview-150x150.png 150w\" sizes=\"(max-width: 200px) 100vw, 200px\" \/><noscript><img loading=\"lazy\" decoding=\"async\" width=\"200\" height=\"200\" src=\"https:\/\/mallemb.lv\/wp-content\/uploads\/2024\/04\/unnamed-removebg-preview.png\" class=\"attachment-large size-large wp-image-4324 lazyload\" alt=\"\" srcset=\"https:\/\/mallemb.lv\/wp-content\/uploads\/2024\/04\/unnamed-removebg-preview.png 200w, https:\/\/mallemb.lv\/wp-content\/uploads\/2024\/04\/unnamed-removebg-preview-100x100.png 100w, https:\/\/mallemb.lv\/wp-content\/uploads\/2024\/04\/unnamed-removebg-preview-150x150.png 150w\" sizes=\"(max-width: 200px) 100vw, 200px\" \/><\/noscript>\t\t\t\t\t\t\t\t\t\t\t\t\t\t\t<\/div>\n\t\t\t\t<\/div>\n\t\t\t\t<\/div>\n\t\t<div class=\"elementor-element elementor-element-97ed921 e-con-full e-flex e-con e-child\" data-id=\"97ed921\" data-element_type=\"container\">\n\t\t\t\t<div class=\"elementor-element elementor-element-2f8d681 elementor-widget elementor-widget-text-editor\" data-id=\"2f8d681\" data-element_type=\"widget\" data-widget_type=\"text-editor.default\">\n\t\t\t\t<div class=\"elementor-widget-container\">\n\t\t\t\t\t\t\t\t\t<h4 style=\"color: #fdc716;\">Uz\u0146\u0113mums AKVEDUKTS &#8211; viens no stabil\u0101kajiem un uzticam\u0101kajiem apkures, \u016bdensapg\u0101des un d\u0101rza pre\u010du vairumtirgot\u0101jiem Baltijas valst\u012bs.<\/h4>\t\t\t\t\t\t\t\t<\/div>\n\t\t\t\t<\/div>\n\t\t\t\t<\/div>\n\t\t\t\t\t<\/div>\n\t\t\t\t<\/div>\n\t\t<div class=\"elementor-element elementor-element-69a7980 e-flex e-con-boxed e-con e-parent\" data-id=\"69a7980\" data-element_type=\"container\" data-settings=\"{&quot;background_background&quot;:&quot;classic&quot;}\">\n\t\t\t\t\t<div class=\"e-con-inner\">\n\t\t<div class=\"elementor-element elementor-element-f793b12 e-con-full e-flex e-con e-child\" data-id=\"f793b12\" data-element_type=\"container\">\n\t\t\t\t<div class=\"elementor-element elementor-element-e58992f elementor-widget elementor-widget-image\" data-id=\"e58992f\" data-element_type=\"widget\" data-widget_type=\"image.default\">\n\t\t\t\t<div class=\"elementor-widget-container\">\n\t\t\t\t\t\t\t\t\t\t\t\t\t\t\t<img loading=\"lazy\" decoding=\"async\" width=\"320\" height=\"308\" src=\"data:image\/gif;base64,R0lGODlhAQABAIAAAAAAAP\/\/\/yH5BAEAAAAALAAAAAABAAEAAAIBRAA7\" data-src=\"https:\/\/mallemb.lv\/wp-content\/uploads\/2025\/08\/tophouse.jpeg\" class=\"attachment-large size-large wp-image-5720 lazyload\" alt=\"\" data-srcset=\"https:\/\/mallemb.lv\/wp-content\/uploads\/2025\/08\/tophouse.jpeg 320w, https:\/\/mallemb.lv\/wp-content\/uploads\/2025\/08\/tophouse-300x289.jpeg 300w, https:\/\/mallemb.lv\/wp-content\/uploads\/2025\/08\/tophouse-12x12.jpeg 12w\" sizes=\"(max-width: 320px) 100vw, 320px\" \/><noscript><img loading=\"lazy\" decoding=\"async\" width=\"320\" height=\"308\" src=\"https:\/\/mallemb.lv\/wp-content\/uploads\/2025\/08\/tophouse.jpeg\" class=\"attachment-large size-large wp-image-5720 lazyload\" alt=\"\" srcset=\"https:\/\/mallemb.lv\/wp-content\/uploads\/2025\/08\/tophouse.jpeg 320w, https:\/\/mallemb.lv\/wp-content\/uploads\/2025\/08\/tophouse-300x289.jpeg 300w, https:\/\/mallemb.lv\/wp-content\/uploads\/2025\/08\/tophouse-12x12.jpeg 12w\" sizes=\"(max-width: 320px) 100vw, 320px\" \/><\/noscript>\t\t\t\t\t\t\t\t\t\t\t\t\t\t\t<\/div>\n\t\t\t\t<\/div>\n\t\t\t\t<\/div>\n\t\t<div class=\"elementor-element elementor-element-5cc93db e-con-full e-flex e-con e-child\" data-id=\"5cc93db\" data-element_type=\"container\">\n\t\t\t\t<div class=\"elementor-element elementor-element-89c218d elementor-widget elementor-widget-text-editor\" data-id=\"89c218d\" data-element_type=\"widget\" data-widget_type=\"text-editor.default\">\n\t\t\t\t<div class=\"elementor-widget-container\">\n\t\t\t\t\t\t\t\t\t<h4 style=\"color: #fdc716;\">M\u0113s pied\u0101v\u0101jam augstas kvalit\u0101tes materi\u0101lus par pie\u0146emam\u0101m cen\u0101m no vado\u0161ajiem Eiropas ra\u017eot\u0101jiem.<\/h4>\t\t\t\t\t\t\t\t<\/div>\n\t\t\t\t<\/div>\n\t\t\t\t<\/div>\n\t\t\t\t\t<\/div>\n\t\t\t\t<\/div>\n\t\t\t\t<\/div>\n\t\t","protected":false},"excerpt":{"rendered":"<p>SADARB\u012aBAS PARTNERI SIA Gastech Baltic\u00a0ir uzticams partneris m\u016bsdien\u012bgos apkures un dzes\u0113\u0161anas risin\u0101jumos. M\u0113s pal\u012bdzam gan priv\u0101tperson\u0101m, gan uz\u0146\u0113mumiem nodro\u0161in\u0101t komfortu visa gada garum\u0101, pied\u0101v\u0101jot kvalitat\u012bvu g\u0101zes katlu, siltums\u016bk\u0146u un kondicionieru uzst\u0101d\u012b\u0161anu, apkopi un remontu. Jumtu, sienu segumu t\u0101m\u0113\u0161ana, konsult\u0101cijas, transporta pakalpojumi. Met\u0101la jumti, jumtu segumi, daksti\u0146profili, m\u0101la daksti\u0146i, valcprofils u.c.. CEWOOD ir vien\u012bgais \u0113ve\u013cskaidu pl\u0101t\u0146u<\/p>\n","protected":false},"author":1,"featured_media":5691,"parent":0,"menu_order":0,"comment_status":"closed","ping_status":"closed","template":"","meta":{"footnotes":""},"class_list":["post-5715","page","type-page","status-publish","has-post-thumbnail","hentry"],"_links":{"self":[{"href":"https:\/\/mallemb.lv\/lv\/wp-json\/wp\/v2\/pages\/5715","targetHints":{"allow":["GET"]}}],"collection":[{"href":"https:\/\/mallemb.lv\/lv\/wp-json\/wp\/v2\/pages"}],"about":[{"href":"https:\/\/mallemb.lv\/lv\/wp-json\/wp\/v2\/types\/page"}],"author":[{"embeddable":true,"href":"https:\/\/mallemb.lv\/lv\/wp-json\/wp\/v2\/users\/1"}],"replies":[{"embeddable":true,"href":"https:\/\/mallemb.lv\/lv\/wp-json\/wp\/v2\/comments?post=5715"}],"version-history":[{"count":16,"href":"https:\/\/mallemb.lv\/lv\/wp-json\/wp\/v2\/pages\/5715\/revisions"}],"predecessor-version":[{"id":5737,"href":"https:\/\/mallemb.lv\/lv\/wp-json\/wp\/v2\/pages\/5715\/revisions\/5737"}],"wp:featuredmedia":[{"embeddable":true,"href":"https:\/\/mallemb.lv\/lv\/wp-json\/wp\/v2\/media\/5691"}],"wp:attachment":[{"href":"https:\/\/mallemb.lv\/lv\/wp-json\/wp\/v2\/media?parent=5715"}],"curies":[{"name":"wp","href":"https:\/\/api.w.org\/{rel}","templated":true}]}}