{"id":5689,"date":"2025-08-19T12:16:01","date_gmt":"2025-08-19T09:16:01","guid":{"rendered":"https:\/\/mallemb.lv\/?page_id=5689"},"modified":"2025-08-19T13:03:35","modified_gmt":"2025-08-19T10:03:35","slug":"pakalpojumi","status":"publish","type":"page","link":"https:\/\/mallemb.lv\/lv\/pakalpojumi\/","title":{"rendered":"PAKALPOJUMI"},"content":{"rendered":"\t\t<div data-elementor-type=\"wp-page\" data-elementor-id=\"5689\" class=\"elementor elementor-5689\">\n\t\t\t\t\t\t<section class=\"elementor-section elementor-top-section elementor-element elementor-element-fb304da elementor-section-stretched elementor-section-boxed elementor-section-height-default elementor-section-height-default\" data-id=\"fb304da\" data-element_type=\"section\" data-settings=\"{&quot;stretch_section&quot;:&quot;section-stretched&quot;}\">\n\t\t\t\t\t\t<div class=\"elementor-container elementor-column-gap-extended\">\n\t\t\t\t\t<div class=\"elementor-column elementor-col-100 elementor-top-column elementor-element elementor-element-4729218\" data-id=\"4729218\" data-element_type=\"column\">\n\t\t\t<div class=\"elementor-widget-wrap elementor-element-populated\">\n\t\t\t\t\t\t<div class=\"elementor-element elementor-element-f0aa951 elementor-widget elementor-widget-heading\" data-id=\"f0aa951\" data-element_type=\"widget\" data-widget_type=\"heading.default\">\n\t\t\t\t<div class=\"elementor-widget-container\">\n\t\t\t\t\t<h2 class=\"elementor-heading-title elementor-size-default\">PAKALPOJUMI<\/h2>\t\t\t\t<\/div>\n\t\t\t\t<\/div>\n\t\t\t\t\t<\/div>\n\t\t<\/div>\n\t\t\t\t\t<\/div>\n\t\t<\/section>\n\t\t<div class=\"elementor-element elementor-element-80df9ea e-flex e-con-boxed e-con e-parent\" data-id=\"80df9ea\" data-element_type=\"container\">\n\t\t\t\t\t<div class=\"e-con-inner\">\n\t\t<div class=\"elementor-element elementor-element-702afc5 e-con-full e-flex e-con e-child\" data-id=\"702afc5\" data-element_type=\"container\">\n\t\t\t\t<div class=\"elementor-element elementor-element-9b088c7 elementor-widget elementor-widget-heading\" data-id=\"9b088c7\" data-element_type=\"widget\" data-widget_type=\"heading.default\">\n\t\t\t\t<div class=\"elementor-widget-container\">\n\t\t\t\t\t<h2 class=\"elementor-heading-title elementor-size-default\">PROJEKT\u0112\u0160ANA<\/h2>\t\t\t\t<\/div>\n\t\t\t\t<\/div>\n\t\t\t\t<div class=\"elementor-element elementor-element-592f884 elementor-widget elementor-widget-text-editor\" data-id=\"592f884\" data-element_type=\"widget\" data-widget_type=\"text-editor.default\">\n\t\t\t\t<div class=\"elementor-widget-container\">\n\t\t\t\t\t\t\t\t\t<div class=\"kb0PBd LnCrMe\" data-snf=\"Vjbam\" data-sncf=\"0,1,2\">\n<div class=\"izD65c\">\n<h4 class=\"fn4WDc uhHOwf ez24Df\" style=\"color: #fdc716;\">Projekt\u0113\u0161ana ir viens no m\u016bsu papildus pakalpojumiem. Projekt\u0113\u0161anas procesam m\u0113s piesaist\u0101m augsti kvalific\u0113tus un pieredz\u0113ju\u0161us speci\u0101listus.<\/h4>\n<h4 style=\"color:#FDC716;\">Pied\u0101v\u0101jam b\u016bvkonstrukciju projekt\u0113\u0161anu, in\u017eeniert\u012bklu un sist\u0113mu projekt\u0113\u0161anu, b\u016bvuzraudz\u012bbu, tehnisko apseko\u0161anu.<\/h4>\n<\/div>\n<\/div>\t\t\t\t\t\t\t\t<\/div>\n\t\t\t\t<\/div>\n\t\t\t\t<\/div>\n\t\t<div class=\"elementor-element elementor-element-6aae8d3 e-con-full e-flex e-con e-child\" data-id=\"6aae8d3\" data-element_type=\"container\">\n\t\t\t\t<div class=\"elementor-element elementor-element-95b61fb elementor-widget elementor-widget-image\" data-id=\"95b61fb\" data-element_type=\"widget\" data-widget_type=\"image.default\">\n\t\t\t\t<div class=\"elementor-widget-container\">\n\t\t\t\t\t\t\t\t\t\t\t\t\t\t\t<img fetchpriority=\"high\" decoding=\"async\" width=\"1024\" height=\"606\" src=\"data:image\/gif;base64,R0lGODlhAQABAIAAAAAAAP\/\/\/yH5BAEAAAAALAAAAAABAAEAAAIBRAA7\" data-src=\"https:\/\/mallemb.lv\/wp-content\/uploads\/2025\/08\/WhatsApp-Image-2025-08-19-at-09.39.55-1024x606.jpeg\" class=\"attachment-large size-large wp-image-5710 lazyload\" alt=\"\" data-srcset=\"https:\/\/mallemb.lv\/wp-content\/uploads\/2025\/08\/WhatsApp-Image-2025-08-19-at-09.39.55-1024x606.jpeg 1024w, https:\/\/mallemb.lv\/wp-content\/uploads\/2025\/08\/WhatsApp-Image-2025-08-19-at-09.39.55-300x177.jpeg 300w, https:\/\/mallemb.lv\/wp-content\/uploads\/2025\/08\/WhatsApp-Image-2025-08-19-at-09.39.55-768x454.jpeg 768w, https:\/\/mallemb.lv\/wp-content\/uploads\/2025\/08\/WhatsApp-Image-2025-08-19-at-09.39.55-18x12.jpeg 18w, https:\/\/mallemb.lv\/wp-content\/uploads\/2025\/08\/WhatsApp-Image-2025-08-19-at-09.39.55.jpeg 1268w\" sizes=\"(max-width: 1024px) 100vw, 1024px\" \/><noscript><img decoding=\"async\" width=\"1024\" height=\"606\" src=\"https:\/\/mallemb.lv\/wp-content\/uploads\/2025\/08\/WhatsApp-Image-2025-08-19-at-09.39.55-1024x606.jpeg\" class=\"attachment-large size-large wp-image-5710 lazyload\" alt=\"\" srcset=\"https:\/\/mallemb.lv\/wp-content\/uploads\/2025\/08\/WhatsApp-Image-2025-08-19-at-09.39.55-1024x606.jpeg 1024w, https:\/\/mallemb.lv\/wp-content\/uploads\/2025\/08\/WhatsApp-Image-2025-08-19-at-09.39.55-300x177.jpeg 300w, https:\/\/mallemb.lv\/wp-content\/uploads\/2025\/08\/WhatsApp-Image-2025-08-19-at-09.39.55-768x454.jpeg 768w, https:\/\/mallemb.lv\/wp-content\/uploads\/2025\/08\/WhatsApp-Image-2025-08-19-at-09.39.55-18x12.jpeg 18w, https:\/\/mallemb.lv\/wp-content\/uploads\/2025\/08\/WhatsApp-Image-2025-08-19-at-09.39.55.jpeg 1268w\" sizes=\"(max-width: 1024px) 100vw, 1024px\" \/><\/noscript>\t\t\t\t\t\t\t\t\t\t\t\t\t\t\t<\/div>\n\t\t\t\t<\/div>\n\t\t\t\t<\/div>\n\t\t\t\t\t<\/div>\n\t\t\t\t<\/div>\n\t\t\t\t<\/div>\n\t\t","protected":false},"excerpt":{"rendered":"<p>PAKALPOJUMI PROJEKT\u0112\u0160ANA Projekt\u0113\u0161ana ir viens no m\u016bsu papildus pakalpojumiem. Projekt\u0113\u0161anas procesam m\u0113s piesaist\u0101m augsti kvalific\u0113tus un pieredz\u0113ju\u0161us speci\u0101listus. Pied\u0101v\u0101jam b\u016bvkonstrukciju projekt\u0113\u0161anu, in\u017eeniert\u012bklu un sist\u0113mu projekt\u0113\u0161anu, b\u016bvuzraudz\u012bbu, tehnisko apseko\u0161anu.<\/p>\n","protected":false},"author":1,"featured_media":5691,"parent":0,"menu_order":0,"comment_status":"closed","ping_status":"closed","template":"","meta":{"footnotes":""},"class_list":["post-5689","page","type-page","status-publish","has-post-thumbnail","hentry"],"_links":{"self":[{"href":"https:\/\/mallemb.lv\/lv\/wp-json\/wp\/v2\/pages\/5689","targetHints":{"allow":["GET"]}}],"collection":[{"href":"https:\/\/mallemb.lv\/lv\/wp-json\/wp\/v2\/pages"}],"about":[{"href":"https:\/\/mallemb.lv\/lv\/wp-json\/wp\/v2\/types\/page"}],"author":[{"embeddable":true,"href":"https:\/\/mallemb.lv\/lv\/wp-json\/wp\/v2\/users\/1"}],"replies":[{"embeddable":true,"href":"https:\/\/mallemb.lv\/lv\/wp-json\/wp\/v2\/comments?post=5689"}],"version-history":[{"count":20,"href":"https:\/\/mallemb.lv\/lv\/wp-json\/wp\/v2\/pages\/5689\/revisions"}],"predecessor-version":[{"id":5714,"href":"https:\/\/mallemb.lv\/lv\/wp-json\/wp\/v2\/pages\/5689\/revisions\/5714"}],"wp:featuredmedia":[{"embeddable":true,"href":"https:\/\/mallemb.lv\/lv\/wp-json\/wp\/v2\/media\/5691"}],"wp:attachment":[{"href":"https:\/\/mallemb.lv\/lv\/wp-json\/wp\/v2\/media?parent=5689"}],"curies":[{"name":"wp","href":"https:\/\/api.w.org\/{rel}","templated":true}]}}