{"id":5649,"date":"2025-05-23T14:58:51","date_gmt":"2025-05-23T11:58:51","guid":{"rendered":"https:\/\/mallemb.lv\/?page_id=5649"},"modified":"2025-05-23T15:12:17","modified_gmt":"2025-05-23T12:12:17","slug":"elektrika-pakalpojumi","status":"publish","type":"page","link":"https:\/\/mallemb.lv\/lv\/elektrika-pakalpojumi\/","title":{"rendered":"Elektri\u0137a pakalpojumi"},"content":{"rendered":"\t\t<div data-elementor-type=\"wp-page\" data-elementor-id=\"5649\" class=\"elementor elementor-5649\">\n\t\t\t\t\t\t<section class=\"elementor-section elementor-top-section elementor-element elementor-element-fb304da elementor-section-stretched elementor-section-boxed elementor-section-height-default elementor-section-height-default\" data-id=\"fb304da\" data-element_type=\"section\" data-settings=\"{&quot;stretch_section&quot;:&quot;section-stretched&quot;}\">\n\t\t\t\t\t\t<div class=\"elementor-container elementor-column-gap-extended\">\n\t\t\t\t\t<div class=\"elementor-column elementor-col-100 elementor-top-column elementor-element elementor-element-4729218\" data-id=\"4729218\" data-element_type=\"column\">\n\t\t\t<div class=\"elementor-widget-wrap\">\n\t\t\t\t\t\t\t<\/div>\n\t\t<\/div>\n\t\t\t\t\t<\/div>\n\t\t<\/section>\n\t\t<div class=\"elementor-element elementor-element-496b91d6 e-flex e-con-boxed e-con e-parent\" data-id=\"496b91d6\" data-element_type=\"container\">\n\t\t\t\t\t<div class=\"e-con-inner\">\n\t\t<div class=\"elementor-element elementor-element-59c007ae e-con-full e-flex e-con e-child\" data-id=\"59c007ae\" data-element_type=\"container\">\n\t\t\t\t<div class=\"elementor-element elementor-element-6dc6ce06 elementor-widget elementor-widget-text-editor\" data-id=\"6dc6ce06\" data-element_type=\"widget\" data-widget_type=\"text-editor.default\">\n\t\t\t\t<div class=\"elementor-widget-container\">\n\t\t\t\t\t\t\t\t\t<p>Pied\u0101v\u0101jam elektri\u0137a pakalpojumus:<\/p><ul><li>Roze\u0161u, gaismas sl\u0113d\u017ea piesl\u0113g\u0161ana, remonts<\/li><li>\u0100ra apgaismojuma uzst\u0101d\u012b\u0161ana, remonts\u00a0<\/li><li>Iek\u0161\u0113j\u0101 apgaismojuma uzst\u0101d\u012b\u0161ana, remonts\u00a0<\/li><li>elektroinstal\u0101cijas diagnostika, boj\u0101jumu mekl\u0113\u0161ana un remonts;<\/li><li>kabe\u013cu l\u012bniju ier\u012bko\u0161ana\/mont\u0101\u017ea (apr\u0113\u0137ins, sh\u0113mas izstr\u0101de, iek\u0161\u0113j\u0101\/\u0101r\u0113j\u0101, retro instal\u0101cijas);<\/li><li>sadales skapja monta\u017ea (priv\u0101tais sektors, ra\u017eo\u0161ana), sadales skapja sh\u0113mas rekonstrukcija un apr\u0113\u0137ins\/izstr\u0101de;<\/li><li>elektrot\u012bklu un elektroiek\u0101rtu tehnisk\u0101 apkope;<\/li><li>zem\u0113juma mont\u0101\u017ea un m\u0113r\u012bjumi;<br \/>&#8211; kabe\u013cu l\u012bniju izol\u0101cijas pretest\u012bbas m\u0113r\u012bjumi, cilpas pretest\u012bbas m\u0113r\u012bjumi f\u0101ze-nulle, termogr\u0101fija, sazem\u0113juma kont\u016bras pretest\u012bbas p\u0101rbaude, boj\u0101jumu nov\u0113r\u0161ana.<\/li><\/ul>\t\t\t\t\t\t\t\t<\/div>\n\t\t\t\t<\/div>\n\t\t\t\t<\/div>\n\t\t<div class=\"elementor-element elementor-element-4a1eeb69 e-con-full e-flex e-con e-child\" data-id=\"4a1eeb69\" data-element_type=\"container\">\n\t\t\t\t<div class=\"elementor-element elementor-element-2e5fb4cb elementor-widget elementor-widget-gallery\" data-id=\"2e5fb4cb\" data-element_type=\"widget\" data-settings=\"{&quot;gallery_layout&quot;:&quot;justified&quot;,&quot;lazyload&quot;:&quot;yes&quot;,&quot;ideal_row_height&quot;:{&quot;unit&quot;:&quot;px&quot;,&quot;size&quot;:200,&quot;sizes&quot;:[]},&quot;ideal_row_height_tablet&quot;:{&quot;unit&quot;:&quot;px&quot;,&quot;size&quot;:150,&quot;sizes&quot;:[]},&quot;ideal_row_height_mobile&quot;:{&quot;unit&quot;:&quot;px&quot;,&quot;size&quot;:150,&quot;sizes&quot;:[]},&quot;gap&quot;:{&quot;unit&quot;:&quot;px&quot;,&quot;size&quot;:10,&quot;sizes&quot;:[]},&quot;gap_tablet&quot;:{&quot;unit&quot;:&quot;px&quot;,&quot;size&quot;:10,&quot;sizes&quot;:[]},&quot;gap_mobile&quot;:{&quot;unit&quot;:&quot;px&quot;,&quot;size&quot;:10,&quot;sizes&quot;:[]},&quot;link_to&quot;:&quot;file&quot;,&quot;overlay_background&quot;:&quot;yes&quot;,&quot;content_hover_animation&quot;:&quot;fade-in&quot;}\" data-widget_type=\"gallery.default\">\n\t\t\t\t<div class=\"elementor-widget-container\">\n\t\t\t\t\t\t\t<div class=\"elementor-gallery__container\">\n\t\t\t\t\t\t\t<a class=\"e-gallery-item elementor-gallery-item elementor-animated-content\" href=\"https:\/\/mallemb.lv\/wp-content\/uploads\/2025\/05\/how-to-be-an-electrician-1.jpeg\" data-elementor-open-lightbox=\"yes\" data-elementor-lightbox-slideshow=\"all-2e5fb4cb\" data-elementor-lightbox-title=\"how-to-be-an-electrician\" data-e-action-hash=\"#elementor-action%3Aaction%3Dlightbox%26settings%3DeyJpZCI6NTY1NSwidXJsIjoiaHR0cHM6XC9cL21hbGxlbWIubHZcL3dwLWNvbnRlbnRcL3VwbG9hZHNcLzIwMjVcLzA1XC9ob3ctdG8tYmUtYW4tZWxlY3RyaWNpYW4tMS5qcGVnIiwic2xpZGVzaG93IjoiYWxsLTJlNWZiNGNiIn0%3D\">\n\t\t\t\t\t<div class=\"e-gallery-image elementor-gallery-item__image\" data-thumbnail=\"https:\/\/mallemb.lv\/wp-content\/uploads\/2025\/05\/how-to-be-an-electrician-1-300x200.jpeg\" data-width=\"300\" data-height=\"200\" alt=\"\" ><\/div>\n\t\t\t\t\t\t\t\t\t\t\t<div class=\"elementor-gallery-item__overlay\"><\/div>\n\t\t\t\t\t\t\t\t\t\t\t\t\t\t<\/a>\n\t\t\t\t\t\t\t<a class=\"e-gallery-item elementor-gallery-item elementor-animated-content\" href=\"https:\/\/mallemb.lv\/wp-content\/uploads\/2025\/05\/Electrician-scaled-1.jpeg\" data-elementor-open-lightbox=\"yes\" data-elementor-lightbox-slideshow=\"all-2e5fb4cb\" data-elementor-lightbox-title=\"Electrician-scaled\" data-e-action-hash=\"#elementor-action%3Aaction%3Dlightbox%26settings%3DeyJpZCI6NTY1NiwidXJsIjoiaHR0cHM6XC9cL21hbGxlbWIubHZcL3dwLWNvbnRlbnRcL3VwbG9hZHNcLzIwMjVcLzA1XC9FbGVjdHJpY2lhbi1zY2FsZWQtMS5qcGVnIiwic2xpZGVzaG93IjoiYWxsLTJlNWZiNGNiIn0%3D\">\n\t\t\t\t\t<div class=\"e-gallery-image elementor-gallery-item__image\" data-thumbnail=\"https:\/\/mallemb.lv\/wp-content\/uploads\/2025\/05\/Electrician-scaled-1-300x186.jpeg\" data-width=\"300\" data-height=\"186\" alt=\"\" ><\/div>\n\t\t\t\t\t\t\t\t\t\t\t<div class=\"elementor-gallery-item__overlay\"><\/div>\n\t\t\t\t\t\t\t\t\t\t\t\t\t\t<\/a>\n\t\t\t\t\t\t\t<a class=\"e-gallery-item elementor-gallery-item elementor-animated-content\" href=\"https:\/\/mallemb.lv\/wp-content\/uploads\/2025\/05\/benefits-of-becoming-an-electrician.jpeg\" data-elementor-open-lightbox=\"yes\" data-elementor-lightbox-slideshow=\"all-2e5fb4cb\" data-elementor-lightbox-title=\"benefits-of-becoming-an-electrician\" data-e-action-hash=\"#elementor-action%3Aaction%3Dlightbox%26settings%3DeyJpZCI6NTY1NywidXJsIjoiaHR0cHM6XC9cL21hbGxlbWIubHZcL3dwLWNvbnRlbnRcL3VwbG9hZHNcLzIwMjVcLzA1XC9iZW5lZml0cy1vZi1iZWNvbWluZy1hbi1lbGVjdHJpY2lhbi5qcGVnIiwic2xpZGVzaG93IjoiYWxsLTJlNWZiNGNiIn0%3D\">\n\t\t\t\t\t<div class=\"e-gallery-image elementor-gallery-item__image\" data-thumbnail=\"https:\/\/mallemb.lv\/wp-content\/uploads\/2025\/05\/benefits-of-becoming-an-electrician-300x202.jpeg\" data-width=\"300\" data-height=\"202\" alt=\"\" ><\/div>\n\t\t\t\t\t\t\t\t\t\t\t<div class=\"elementor-gallery-item__overlay\"><\/div>\n\t\t\t\t\t\t\t\t\t\t\t\t\t\t<\/a>\n\t\t\t\t\t\t\t<a class=\"e-gallery-item elementor-gallery-item elementor-animated-content\" href=\"https:\/\/mallemb.lv\/wp-content\/uploads\/2025\/05\/Untitled_design_1.webp\" data-elementor-open-lightbox=\"yes\" data-elementor-lightbox-slideshow=\"all-2e5fb4cb\" data-elementor-lightbox-title=\"Untitled_design_1\" data-e-action-hash=\"#elementor-action%3Aaction%3Dlightbox%26settings%3DeyJpZCI6NTY1OCwidXJsIjoiaHR0cHM6XC9cL21hbGxlbWIubHZcL3dwLWNvbnRlbnRcL3VwbG9hZHNcLzIwMjVcLzA1XC9VbnRpdGxlZF9kZXNpZ25fMS53ZWJwIiwic2xpZGVzaG93IjoiYWxsLTJlNWZiNGNiIn0%3D\">\n\t\t\t\t\t<div class=\"e-gallery-image elementor-gallery-item__image\" data-thumbnail=\"https:\/\/mallemb.lv\/wp-content\/uploads\/2025\/05\/Untitled_design_1-300x214.webp\" data-width=\"300\" data-height=\"214\" alt=\"\" ><\/div>\n\t\t\t\t\t\t\t\t\t\t\t<div class=\"elementor-gallery-item__overlay\"><\/div>\n\t\t\t\t\t\t\t\t\t\t\t\t\t\t<\/a>\n\t\t\t\t\t\t\t<a class=\"e-gallery-item elementor-gallery-item elementor-animated-content\" href=\"https:\/\/mallemb.lv\/wp-content\/uploads\/2025\/05\/Electrician-Measuring-Voltage.jpeg\" data-elementor-open-lightbox=\"yes\" data-elementor-lightbox-slideshow=\"all-2e5fb4cb\" data-elementor-lightbox-title=\"Electrician-Measuring-Voltage\" data-e-action-hash=\"#elementor-action%3Aaction%3Dlightbox%26settings%3DeyJpZCI6NTY1OSwidXJsIjoiaHR0cHM6XC9cL21hbGxlbWIubHZcL3dwLWNvbnRlbnRcL3VwbG9hZHNcLzIwMjVcLzA1XC9FbGVjdHJpY2lhbi1NZWFzdXJpbmctVm9sdGFnZS5qcGVnIiwic2xpZGVzaG93IjoiYWxsLTJlNWZiNGNiIn0%3D\">\n\t\t\t\t\t<div class=\"e-gallery-image elementor-gallery-item__image\" data-thumbnail=\"https:\/\/mallemb.lv\/wp-content\/uploads\/2025\/05\/Electrician-Measuring-Voltage-300x200.jpeg\" data-width=\"300\" data-height=\"200\" alt=\"\" ><\/div>\n\t\t\t\t\t\t\t\t\t\t\t<div class=\"elementor-gallery-item__overlay\"><\/div>\n\t\t\t\t\t\t\t\t\t\t\t\t\t\t<\/a>\n\t\t\t\t\t\t\t<a class=\"e-gallery-item elementor-gallery-item elementor-animated-content\" href=\"https:\/\/mallemb.lv\/wp-content\/uploads\/2025\/05\/commercial-electrician-working-in-gainesville-florida.png\" data-elementor-open-lightbox=\"yes\" data-elementor-lightbox-slideshow=\"all-2e5fb4cb\" data-elementor-lightbox-title=\"commercial-electrician-working-in-gainesville-florida\" data-e-action-hash=\"#elementor-action%3Aaction%3Dlightbox%26settings%3DeyJpZCI6NTY2MCwidXJsIjoiaHR0cHM6XC9cL21hbGxlbWIubHZcL3dwLWNvbnRlbnRcL3VwbG9hZHNcLzIwMjVcLzA1XC9jb21tZXJjaWFsLWVsZWN0cmljaWFuLXdvcmtpbmctaW4tZ2FpbmVzdmlsbGUtZmxvcmlkYS5wbmciLCJzbGlkZXNob3ciOiJhbGwtMmU1ZmI0Y2IifQ%3D%3D\">\n\t\t\t\t\t<div class=\"e-gallery-image elementor-gallery-item__image\" data-thumbnail=\"https:\/\/mallemb.lv\/wp-content\/uploads\/2025\/05\/commercial-electrician-working-in-gainesville-florida-300x169.png\" data-width=\"300\" data-height=\"169\" alt=\"\" ><\/div>\n\t\t\t\t\t\t\t\t\t\t\t<div class=\"elementor-gallery-item__overlay\"><\/div>\n\t\t\t\t\t\t\t\t\t\t\t\t\t\t<\/a>\n\t\t\t\t\t<\/div>\n\t\t\t\t\t<\/div>\n\t\t\t\t<\/div>\n\t\t\t\t<\/div>\n\t\t\t\t\t<\/div>\n\t\t\t\t<\/div>\n\t\t\t\t<\/div>\n\t\t","protected":false},"excerpt":{"rendered":"<p>Pied\u0101v\u0101jam elektri\u0137a pakalpojumus: Roze\u0161u, gaismas sl\u0113d\u017ea piesl\u0113g\u0161ana, remonts \u0100ra apgaismojuma uzst\u0101d\u012b\u0161ana, remonts\u00a0 Iek\u0161\u0113j\u0101 apgaismojuma uzst\u0101d\u012b\u0161ana, remonts\u00a0 elektroinstal\u0101cijas diagnostika, boj\u0101jumu mekl\u0113\u0161ana un remonts; kabe\u013cu l\u012bniju ier\u012bko\u0161ana\/mont\u0101\u017ea (apr\u0113\u0137ins, sh\u0113mas izstr\u0101de, iek\u0161\u0113j\u0101\/\u0101r\u0113j\u0101, retro instal\u0101cijas); sadales skapja monta\u017ea (priv\u0101tais sektors, ra\u017eo\u0161ana), sadales skapja sh\u0113mas rekonstrukcija un apr\u0113\u0137ins\/izstr\u0101de; elektrot\u012bklu un elektroiek\u0101rtu tehnisk\u0101 apkope; zem\u0113juma mont\u0101\u017ea un m\u0113r\u012bjumi;&#8211; kabe\u013cu l\u012bniju izol\u0101cijas<\/p>\n","protected":false},"author":1,"featured_media":5645,"parent":0,"menu_order":0,"comment_status":"closed","ping_status":"closed","template":"","meta":{"footnotes":""},"class_list":["post-5649","page","type-page","status-publish","has-post-thumbnail","hentry"],"_links":{"self":[{"href":"https:\/\/mallemb.lv\/lv\/wp-json\/wp\/v2\/pages\/5649","targetHints":{"allow":["GET"]}}],"collection":[{"href":"https:\/\/mallemb.lv\/lv\/wp-json\/wp\/v2\/pages"}],"about":[{"href":"https:\/\/mallemb.lv\/lv\/wp-json\/wp\/v2\/types\/page"}],"author":[{"embeddable":true,"href":"https:\/\/mallemb.lv\/lv\/wp-json\/wp\/v2\/users\/1"}],"replies":[{"embeddable":true,"href":"https:\/\/mallemb.lv\/lv\/wp-json\/wp\/v2\/comments?post=5649"}],"version-history":[{"count":7,"href":"https:\/\/mallemb.lv\/lv\/wp-json\/wp\/v2\/pages\/5649\/revisions"}],"predecessor-version":[{"id":5667,"href":"https:\/\/mallemb.lv\/lv\/wp-json\/wp\/v2\/pages\/5649\/revisions\/5667"}],"wp:featuredmedia":[{"embeddable":true,"href":"https:\/\/mallemb.lv\/lv\/wp-json\/wp\/v2\/media\/5645"}],"wp:attachment":[{"href":"https:\/\/mallemb.lv\/lv\/wp-json\/wp\/v2\/media?parent=5649"}],"curies":[{"name":"wp","href":"https:\/\/api.w.org\/{rel}","templated":true}]}}