{"id":5620,"date":"2025-05-22T17:31:50","date_gmt":"2025-05-22T14:31:50","guid":{"rendered":"https:\/\/mallemb.lv\/?page_id=5620"},"modified":"2025-05-22T17:43:46","modified_gmt":"2025-05-22T14:43:46","slug":"uzkopsanas-pakalpojumi","status":"publish","type":"page","link":"https:\/\/mallemb.lv\/lv\/uzkopsanas-pakalpojumi\/","title":{"rendered":"Uzkop\u0161anas pakalpojumi"},"content":{"rendered":"\t\t<div data-elementor-type=\"wp-page\" data-elementor-id=\"5620\" class=\"elementor elementor-5620\">\n\t\t\t\t\t\t<section class=\"elementor-section elementor-top-section elementor-element elementor-element-fb304da elementor-section-stretched elementor-section-boxed elementor-section-height-default elementor-section-height-default\" data-id=\"fb304da\" data-element_type=\"section\" data-settings=\"{&quot;stretch_section&quot;:&quot;section-stretched&quot;}\">\n\t\t\t\t\t\t<div class=\"elementor-container elementor-column-gap-extended\">\n\t\t\t\t\t<div class=\"elementor-column elementor-col-100 elementor-top-column elementor-element elementor-element-4729218\" data-id=\"4729218\" data-element_type=\"column\">\n\t\t\t<div class=\"elementor-widget-wrap\">\n\t\t\t\t\t\t\t<\/div>\n\t\t<\/div>\n\t\t\t\t\t<\/div>\n\t\t<\/section>\n\t\t<div class=\"elementor-element elementor-element-496b91d6 e-flex e-con-boxed e-con e-parent\" data-id=\"496b91d6\" data-element_type=\"container\">\n\t\t\t\t\t<div class=\"e-con-inner\">\n\t\t<div class=\"elementor-element elementor-element-59c007ae e-con-full e-flex e-con e-child\" data-id=\"59c007ae\" data-element_type=\"container\">\n\t\t\t\t<div class=\"elementor-element elementor-element-6dc6ce06 elementor-widget elementor-widget-text-editor\" data-id=\"6dc6ce06\" data-element_type=\"widget\" data-widget_type=\"text-editor.default\">\n\t\t\t\t<div class=\"elementor-widget-container\">\n\t\t\t\t\t\t\t\t\t<p>Pied\u0101v\u0101jam uzkop\u0161anas pakalpojumus:<\/p><ul><li>Dz\u012bvok\u013cu un priv\u0101tm\u0101ju uzkop\u0161anu\u00a0 \u00a0 Komerctelpu t\u012br\u012b\u0161anu<\/li><li>Industri\u0101lo telpu t\u012br\u012b\u0161anu<\/li><li>Noliktavu t\u012br\u012b\u0161anau<\/li><li>T\u012br\u012b\u0161anu p\u0113c celtniec\u012bbas\/remontdarbiem<\/li><li>\u0122ener\u0101lo t\u012br\u012b\u0161anu<\/li><\/ul>\t\t\t\t\t\t\t\t<\/div>\n\t\t\t\t<\/div>\n\t\t\t\t<\/div>\n\t\t<div class=\"elementor-element elementor-element-4a1eeb69 e-con-full e-flex e-con e-child\" data-id=\"4a1eeb69\" data-element_type=\"container\">\n\t\t\t\t<div class=\"elementor-element elementor-element-2e5fb4cb elementor-widget elementor-widget-gallery\" data-id=\"2e5fb4cb\" data-element_type=\"widget\" data-settings=\"{&quot;gallery_layout&quot;:&quot;justified&quot;,&quot;lazyload&quot;:&quot;yes&quot;,&quot;ideal_row_height&quot;:{&quot;unit&quot;:&quot;px&quot;,&quot;size&quot;:200,&quot;sizes&quot;:[]},&quot;ideal_row_height_tablet&quot;:{&quot;unit&quot;:&quot;px&quot;,&quot;size&quot;:150,&quot;sizes&quot;:[]},&quot;ideal_row_height_mobile&quot;:{&quot;unit&quot;:&quot;px&quot;,&quot;size&quot;:150,&quot;sizes&quot;:[]},&quot;gap&quot;:{&quot;unit&quot;:&quot;px&quot;,&quot;size&quot;:10,&quot;sizes&quot;:[]},&quot;gap_tablet&quot;:{&quot;unit&quot;:&quot;px&quot;,&quot;size&quot;:10,&quot;sizes&quot;:[]},&quot;gap_mobile&quot;:{&quot;unit&quot;:&quot;px&quot;,&quot;size&quot;:10,&quot;sizes&quot;:[]},&quot;link_to&quot;:&quot;file&quot;,&quot;overlay_background&quot;:&quot;yes&quot;,&quot;content_hover_animation&quot;:&quot;fade-in&quot;}\" data-widget_type=\"gallery.default\">\n\t\t\t\t<div class=\"elementor-widget-container\">\n\t\t\t\t\t\t\t<div class=\"elementor-gallery__container\">\n\t\t\t\t\t\t\t<a class=\"e-gallery-item elementor-gallery-item elementor-animated-content\" href=\"https:\/\/mallemb.lv\/wp-content\/uploads\/2025\/05\/1.webp\" data-elementor-open-lightbox=\"yes\" data-elementor-lightbox-slideshow=\"all-2e5fb4cb\" data-e-action-hash=\"#elementor-action%3Aaction%3Dlightbox%26settings%3DeyJpZCI6NTYyOCwidXJsIjoiaHR0cHM6XC9cL21hbGxlbWIubHZcL3dwLWNvbnRlbnRcL3VwbG9hZHNcLzIwMjVcLzA1XC8xLndlYnAiLCJzbGlkZXNob3ciOiJhbGwtMmU1ZmI0Y2IifQ%3D%3D\">\n\t\t\t\t\t<div class=\"e-gallery-image elementor-gallery-item__image\" data-thumbnail=\"https:\/\/mallemb.lv\/wp-content\/uploads\/2025\/05\/1-300x200.webp\" data-width=\"300\" data-height=\"200\" alt=\"\" ><\/div>\n\t\t\t\t\t\t\t\t\t\t\t<div class=\"elementor-gallery-item__overlay\"><\/div>\n\t\t\t\t\t\t\t\t\t\t\t\t\t\t<\/a>\n\t\t\t\t\t\t\t<a class=\"e-gallery-item elementor-gallery-item elementor-animated-content\" href=\"https:\/\/mallemb.lv\/wp-content\/uploads\/2025\/05\/intensive.png\" data-elementor-open-lightbox=\"yes\" data-elementor-lightbox-slideshow=\"all-2e5fb4cb\" data-e-action-hash=\"#elementor-action%3Aaction%3Dlightbox%26settings%3DeyJpZCI6NTYyOSwidXJsIjoiaHR0cHM6XC9cL21hbGxlbWIubHZcL3dwLWNvbnRlbnRcL3VwbG9hZHNcLzIwMjVcLzA1XC9pbnRlbnNpdmUucG5nIiwic2xpZGVzaG93IjoiYWxsLTJlNWZiNGNiIn0%3D\">\n\t\t\t\t\t<div class=\"e-gallery-image elementor-gallery-item__image\" data-thumbnail=\"https:\/\/mallemb.lv\/wp-content\/uploads\/2025\/05\/intensive-300x200.png\" data-width=\"300\" data-height=\"200\" alt=\"\" ><\/div>\n\t\t\t\t\t\t\t\t\t\t\t<div class=\"elementor-gallery-item__overlay\"><\/div>\n\t\t\t\t\t\t\t\t\t\t\t\t\t\t<\/a>\n\t\t\t\t\t\t\t<a class=\"e-gallery-item elementor-gallery-item elementor-animated-content\" href=\"https:\/\/mallemb.lv\/wp-content\/uploads\/2025\/05\/2.jpg\" data-elementor-open-lightbox=\"yes\" data-elementor-lightbox-slideshow=\"all-2e5fb4cb\" data-e-action-hash=\"#elementor-action%3Aaction%3Dlightbox%26settings%3DeyJpZCI6NTYzMCwidXJsIjoiaHR0cHM6XC9cL21hbGxlbWIubHZcL3dwLWNvbnRlbnRcL3VwbG9hZHNcLzIwMjVcLzA1XC8yLmpwZyIsInNsaWRlc2hvdyI6ImFsbC0yZTVmYjRjYiJ9\">\n\t\t\t\t\t<div class=\"e-gallery-image elementor-gallery-item__image\" data-thumbnail=\"https:\/\/mallemb.lv\/wp-content\/uploads\/2025\/05\/2-300x200.jpg\" data-width=\"300\" data-height=\"200\" alt=\"\" ><\/div>\n\t\t\t\t\t\t\t\t\t\t\t<div class=\"elementor-gallery-item__overlay\"><\/div>\n\t\t\t\t\t\t\t\t\t\t\t\t\t\t<\/a>\n\t\t\t\t\t\t\t<a class=\"e-gallery-item elementor-gallery-item elementor-animated-content\" href=\"https:\/\/mallemb.lv\/wp-content\/uploads\/2025\/05\/Commercial-Cleaning-vs-Janitorial-Cleaning-1.webp\" data-elementor-open-lightbox=\"yes\" data-elementor-lightbox-slideshow=\"all-2e5fb4cb\" data-e-action-hash=\"#elementor-action%3Aaction%3Dlightbox%26settings%3DeyJpZCI6NTYzMSwidXJsIjoiaHR0cHM6XC9cL21hbGxlbWIubHZcL3dwLWNvbnRlbnRcL3VwbG9hZHNcLzIwMjVcLzA1XC9Db21tZXJjaWFsLUNsZWFuaW5nLXZzLUphbml0b3JpYWwtQ2xlYW5pbmctMS53ZWJwIiwic2xpZGVzaG93IjoiYWxsLTJlNWZiNGNiIn0%3D\">\n\t\t\t\t\t<div class=\"e-gallery-image elementor-gallery-item__image\" data-thumbnail=\"https:\/\/mallemb.lv\/wp-content\/uploads\/2025\/05\/Commercial-Cleaning-vs-Janitorial-Cleaning-1-300x200.webp\" data-width=\"300\" data-height=\"200\" alt=\"\" ><\/div>\n\t\t\t\t\t\t\t\t\t\t\t<div class=\"elementor-gallery-item__overlay\"><\/div>\n\t\t\t\t\t\t\t\t\t\t\t\t\t\t<\/a>\n\t\t\t\t\t\t\t<a class=\"e-gallery-item elementor-gallery-item elementor-animated-content\" href=\"https:\/\/mallemb.lv\/wp-content\/uploads\/2025\/05\/shutterstock_2272079415-1.jpg\" data-elementor-open-lightbox=\"yes\" data-elementor-lightbox-slideshow=\"all-2e5fb4cb\" data-e-action-hash=\"#elementor-action%3Aaction%3Dlightbox%26settings%3DeyJpZCI6NTYzMiwidXJsIjoiaHR0cHM6XC9cL21hbGxlbWIubHZcL3dwLWNvbnRlbnRcL3VwbG9hZHNcLzIwMjVcLzA1XC9zaHV0dGVyc3RvY2tfMjI3MjA3OTQxNS0xLmpwZyIsInNsaWRlc2hvdyI6ImFsbC0yZTVmYjRjYiJ9\">\n\t\t\t\t\t<div class=\"e-gallery-image elementor-gallery-item__image\" data-thumbnail=\"https:\/\/mallemb.lv\/wp-content\/uploads\/2025\/05\/shutterstock_2272079415-1-300x169.jpg\" data-width=\"300\" data-height=\"169\" alt=\"\" ><\/div>\n\t\t\t\t\t\t\t\t\t\t\t<div class=\"elementor-gallery-item__overlay\"><\/div>\n\t\t\t\t\t\t\t\t\t\t\t\t\t\t<\/a>\n\t\t\t\t\t\t\t<a class=\"e-gallery-item elementor-gallery-item elementor-animated-content\" href=\"https:\/\/mallemb.lv\/wp-content\/uploads\/2025\/05\/273171563.jpg\" data-elementor-open-lightbox=\"yes\" data-elementor-lightbox-slideshow=\"all-2e5fb4cb\" data-e-action-hash=\"#elementor-action%3Aaction%3Dlightbox%26settings%3DeyJpZCI6NTYzNCwidXJsIjoiaHR0cHM6XC9cL21hbGxlbWIubHZcL3dwLWNvbnRlbnRcL3VwbG9hZHNcLzIwMjVcLzA1XC8yNzMxNzE1NjMuanBnIiwic2xpZGVzaG93IjoiYWxsLTJlNWZiNGNiIn0%3D\">\n\t\t\t\t\t<div class=\"e-gallery-image elementor-gallery-item__image\" data-thumbnail=\"https:\/\/mallemb.lv\/wp-content\/uploads\/2025\/05\/273171563-300x139.jpg\" data-width=\"300\" data-height=\"139\" alt=\"\" ><\/div>\n\t\t\t\t\t\t\t\t\t\t\t<div class=\"elementor-gallery-item__overlay\"><\/div>\n\t\t\t\t\t\t\t\t\t\t\t\t\t\t<\/a>\n\t\t\t\t\t<\/div>\n\t\t\t\t\t<\/div>\n\t\t\t\t<\/div>\n\t\t\t\t<\/div>\n\t\t\t\t\t<\/div>\n\t\t\t\t<\/div>\n\t\t\t\t<\/div>\n\t\t","protected":false},"excerpt":{"rendered":"<p>Pied\u0101v\u0101jam uzkop\u0161anas pakalpojumus: Dz\u012bvok\u013cu un priv\u0101tm\u0101ju uzkop\u0161anu\u00a0 \u00a0 Komerctelpu t\u012br\u012b\u0161anu Industri\u0101lo telpu t\u012br\u012b\u0161anu Noliktavu t\u012br\u012b\u0161anau T\u012br\u012b\u0161anu p\u0113c celtniec\u012bbas\/remontdarbiem \u0122ener\u0101lo t\u012br\u012b\u0161anu<\/p>\n","protected":false},"author":1,"featured_media":5619,"parent":0,"menu_order":0,"comment_status":"closed","ping_status":"closed","template":"","meta":{"footnotes":""},"class_list":["post-5620","page","type-page","status-publish","has-post-thumbnail","hentry"],"_links":{"self":[{"href":"https:\/\/mallemb.lv\/lv\/wp-json\/wp\/v2\/pages\/5620","targetHints":{"allow":["GET"]}}],"collection":[{"href":"https:\/\/mallemb.lv\/lv\/wp-json\/wp\/v2\/pages"}],"about":[{"href":"https:\/\/mallemb.lv\/lv\/wp-json\/wp\/v2\/types\/page"}],"author":[{"embeddable":true,"href":"https:\/\/mallemb.lv\/lv\/wp-json\/wp\/v2\/users\/1"}],"replies":[{"embeddable":true,"href":"https:\/\/mallemb.lv\/lv\/wp-json\/wp\/v2\/comments?post=5620"}],"version-history":[{"count":10,"href":"https:\/\/mallemb.lv\/lv\/wp-json\/wp\/v2\/pages\/5620\/revisions"}],"predecessor-version":[{"id":5640,"href":"https:\/\/mallemb.lv\/lv\/wp-json\/wp\/v2\/pages\/5620\/revisions\/5640"}],"wp:featuredmedia":[{"embeddable":true,"href":"https:\/\/mallemb.lv\/lv\/wp-json\/wp\/v2\/media\/5619"}],"wp:attachment":[{"href":"https:\/\/mallemb.lv\/lv\/wp-json\/wp\/v2\/media?parent=5620"}],"curies":[{"name":"wp","href":"https:\/\/api.w.org\/{rel}","templated":true}]}}