{"id":4229,"date":"2024-01-24T12:28:32","date_gmt":"2024-01-24T10:28:32","guid":{"rendered":"https:\/\/bitserviss.lv\/?page_id=4229"},"modified":"2025-05-14T17:35:58","modified_gmt":"2025-05-14T14:35:58","slug":"zemes-darbi-2","status":"publish","type":"page","link":"https:\/\/mallemb.lv\/lv\/zemes-darbi-2\/","title":{"rendered":"ZEMES DARBI"},"content":{"rendered":"\t\t<div data-elementor-type=\"wp-page\" data-elementor-id=\"4229\" class=\"elementor elementor-4229\">\n\t\t\t\t\t\t<section class=\"elementor-section elementor-top-section elementor-element elementor-element-fb304da elementor-section-stretched elementor-section-boxed elementor-section-height-default elementor-section-height-default\" data-id=\"fb304da\" data-element_type=\"section\" data-settings=\"{&quot;stretch_section&quot;:&quot;section-stretched&quot;}\">\n\t\t\t\t\t\t<div class=\"elementor-container elementor-column-gap-extended\">\n\t\t\t\t\t<div class=\"elementor-column elementor-col-100 elementor-top-column elementor-element elementor-element-4729218\" data-id=\"4729218\" data-element_type=\"column\">\n\t\t\t<div class=\"elementor-widget-wrap\">\n\t\t\t\t\t\t\t<\/div>\n\t\t<\/div>\n\t\t\t\t\t<\/div>\n\t\t<\/section>\n\t\t<div class=\"elementor-element elementor-element-50a1282f e-flex e-con-boxed e-con e-parent\" data-id=\"50a1282f\" data-element_type=\"container\">\n\t\t\t\t\t<div class=\"e-con-inner\">\n\t\t<div class=\"elementor-element elementor-element-3e2c98a1 e-con-full e-flex e-con e-child\" data-id=\"3e2c98a1\" data-element_type=\"container\">\n\t\t\t\t<div class=\"elementor-element elementor-element-59760d10 elementor-widget elementor-widget-text-editor\" data-id=\"59760d10\" data-element_type=\"widget\" data-widget_type=\"text-editor.default\">\n\t\t\t\t<div class=\"elementor-widget-container\">\n\t\t\t\t\t\t\t\t\t<p>Zemes darbi:<\/p><p>Pied\u0101v\u0101jam visa veida zemes darbus<\/p><ul><li><strong>Tran\u0161ejas rak\u0161ana komunik\u0101cij\u0101m<\/strong><\/li><li>\u0112ku pamatu zemes sagatavo\u0161anas darbi<\/li><li>Dren\u0101\u017eu izveide<\/li><li>Bru\u0123\u0113\u0161anas darbi<\/li><li>Kanaliz\u0101cijas grodu uzst\u0101d\u012b\u0161ana<\/li><li>Ugunsdz\u0113s\u012bbas d\u012b\u0137a rak\u0161anas darbi<\/li><li>U.C<\/li><\/ul>\t\t\t\t\t\t\t\t<\/div>\n\t\t\t\t<\/div>\n\t\t\t\t<\/div>\n\t\t<div class=\"elementor-element elementor-element-f7ff88f e-con-full e-flex e-con e-child\" data-id=\"f7ff88f\" data-element_type=\"container\">\n\t\t\t\t<div class=\"elementor-element elementor-element-f721fd8 elementor-widget elementor-widget-gallery\" data-id=\"f721fd8\" data-element_type=\"widget\" data-settings=\"{&quot;gallery_layout&quot;:&quot;justified&quot;,&quot;lazyload&quot;:&quot;yes&quot;,&quot;ideal_row_height&quot;:{&quot;unit&quot;:&quot;px&quot;,&quot;size&quot;:200,&quot;sizes&quot;:[]},&quot;ideal_row_height_tablet&quot;:{&quot;unit&quot;:&quot;px&quot;,&quot;size&quot;:150,&quot;sizes&quot;:[]},&quot;ideal_row_height_mobile&quot;:{&quot;unit&quot;:&quot;px&quot;,&quot;size&quot;:150,&quot;sizes&quot;:[]},&quot;gap&quot;:{&quot;unit&quot;:&quot;px&quot;,&quot;size&quot;:10,&quot;sizes&quot;:[]},&quot;gap_tablet&quot;:{&quot;unit&quot;:&quot;px&quot;,&quot;size&quot;:10,&quot;sizes&quot;:[]},&quot;gap_mobile&quot;:{&quot;unit&quot;:&quot;px&quot;,&quot;size&quot;:10,&quot;sizes&quot;:[]},&quot;link_to&quot;:&quot;file&quot;,&quot;overlay_background&quot;:&quot;yes&quot;,&quot;content_hover_animation&quot;:&quot;fade-in&quot;}\" data-widget_type=\"gallery.default\">\n\t\t\t\t<div class=\"elementor-widget-container\">\n\t\t\t\t\t\t\t<div class=\"elementor-gallery__container\">\n\t\t\t\t\t\t\t<a class=\"e-gallery-item elementor-gallery-item elementor-animated-content\" href=\"https:\/\/mallemb.lv\/wp-content\/uploads\/2025\/05\/WhatsApp-Image-2025-05-14-at-06.29.04.jpeg\" data-elementor-open-lightbox=\"yes\" data-elementor-lightbox-slideshow=\"all-f721fd8\" data-elementor-lightbox-title=\"WhatsApp Image 2025-05-14 at 06.29.04\" data-e-action-hash=\"#elementor-action%3Aaction%3Dlightbox%26settings%3DeyJpZCI6NTU3MywidXJsIjoiaHR0cHM6XC9cL21hbGxlbWIubHZcL3dwLWNvbnRlbnRcL3VwbG9hZHNcLzIwMjVcLzA1XC9XaGF0c0FwcC1JbWFnZS0yMDI1LTA1LTE0LWF0LTA2LjI5LjA0LmpwZWciLCJzbGlkZXNob3ciOiJhbGwtZjcyMWZkOCJ9\">\n\t\t\t\t\t<div class=\"e-gallery-image elementor-gallery-item__image\" data-thumbnail=\"https:\/\/mallemb.lv\/wp-content\/uploads\/2025\/05\/WhatsApp-Image-2025-05-14-at-06.29.04-300x225.jpeg\" data-width=\"300\" data-height=\"225\" alt=\"\" ><\/div>\n\t\t\t\t\t\t\t\t\t\t\t<div class=\"elementor-gallery-item__overlay\"><\/div>\n\t\t\t\t\t\t\t\t\t\t\t\t\t\t<\/a>\n\t\t\t\t\t\t\t<a class=\"e-gallery-item elementor-gallery-item elementor-animated-content\" href=\"https:\/\/mallemb.lv\/wp-content\/uploads\/2025\/05\/WhatsApp-Image-2025-05-14-at-08.21.59.jpeg\" data-elementor-open-lightbox=\"yes\" data-elementor-lightbox-slideshow=\"all-f721fd8\" data-elementor-lightbox-title=\"WhatsApp Image 2025-05-14 at 08.21.59\" data-e-action-hash=\"#elementor-action%3Aaction%3Dlightbox%26settings%3DeyJpZCI6NTU4NSwidXJsIjoiaHR0cHM6XC9cL21hbGxlbWIubHZcL3dwLWNvbnRlbnRcL3VwbG9hZHNcLzIwMjVcLzA1XC9XaGF0c0FwcC1JbWFnZS0yMDI1LTA1LTE0LWF0LTA4LjIxLjU5LmpwZWciLCJzbGlkZXNob3ciOiJhbGwtZjcyMWZkOCJ9\">\n\t\t\t\t\t<div class=\"e-gallery-image elementor-gallery-item__image\" data-thumbnail=\"https:\/\/mallemb.lv\/wp-content\/uploads\/2025\/05\/WhatsApp-Image-2025-05-14-at-08.21.59-300x225.jpeg\" data-width=\"300\" data-height=\"225\" alt=\"\" ><\/div>\n\t\t\t\t\t\t\t\t\t\t\t<div class=\"elementor-gallery-item__overlay\"><\/div>\n\t\t\t\t\t\t\t\t\t\t\t\t\t\t<\/a>\n\t\t\t\t\t\t\t<a class=\"e-gallery-item elementor-gallery-item elementor-animated-content\" href=\"https:\/\/mallemb.lv\/wp-content\/uploads\/2025\/05\/WhatsApp-Image-2025-05-14-at-06.29.05.jpeg\" data-elementor-open-lightbox=\"yes\" data-elementor-lightbox-slideshow=\"all-f721fd8\" data-elementor-lightbox-title=\"WhatsApp Image 2025-05-14 at 06.29.05\" data-e-action-hash=\"#elementor-action%3Aaction%3Dlightbox%26settings%3DeyJpZCI6NTU3NCwidXJsIjoiaHR0cHM6XC9cL21hbGxlbWIubHZcL3dwLWNvbnRlbnRcL3VwbG9hZHNcLzIwMjVcLzA1XC9XaGF0c0FwcC1JbWFnZS0yMDI1LTA1LTE0LWF0LTA2LjI5LjA1LmpwZWciLCJzbGlkZXNob3ciOiJhbGwtZjcyMWZkOCJ9\">\n\t\t\t\t\t<div class=\"e-gallery-image elementor-gallery-item__image\" data-thumbnail=\"https:\/\/mallemb.lv\/wp-content\/uploads\/2025\/05\/WhatsApp-Image-2025-05-14-at-06.29.05-300x225.jpeg\" data-width=\"300\" data-height=\"225\" alt=\"\" ><\/div>\n\t\t\t\t\t\t\t\t\t\t\t<div class=\"elementor-gallery-item__overlay\"><\/div>\n\t\t\t\t\t\t\t\t\t\t\t\t\t\t<\/a>\n\t\t\t\t\t\t\t<a class=\"e-gallery-item elementor-gallery-item elementor-animated-content\" href=\"https:\/\/mallemb.lv\/wp-content\/uploads\/2025\/05\/WhatsApp-Image-2025-05-14-at-08.21.59-1.jpeg\" data-elementor-open-lightbox=\"yes\" data-elementor-lightbox-slideshow=\"all-f721fd8\" data-elementor-lightbox-title=\"WhatsApp Image 2025-05-14 at 08.21.59 (1)\" data-e-action-hash=\"#elementor-action%3Aaction%3Dlightbox%26settings%3DeyJpZCI6NTU4NiwidXJsIjoiaHR0cHM6XC9cL21hbGxlbWIubHZcL3dwLWNvbnRlbnRcL3VwbG9hZHNcLzIwMjVcLzA1XC9XaGF0c0FwcC1JbWFnZS0yMDI1LTA1LTE0LWF0LTA4LjIxLjU5LTEuanBlZyIsInNsaWRlc2hvdyI6ImFsbC1mNzIxZmQ4In0%3D\">\n\t\t\t\t\t<div class=\"e-gallery-image elementor-gallery-item__image\" data-thumbnail=\"https:\/\/mallemb.lv\/wp-content\/uploads\/2025\/05\/WhatsApp-Image-2025-05-14-at-08.21.59-1-300x225.jpeg\" data-width=\"300\" data-height=\"225\" alt=\"\" ><\/div>\n\t\t\t\t\t\t\t\t\t\t\t<div class=\"elementor-gallery-item__overlay\"><\/div>\n\t\t\t\t\t\t\t\t\t\t\t\t\t\t<\/a>\n\t\t\t\t\t\t\t<a class=\"e-gallery-item elementor-gallery-item elementor-animated-content\" href=\"https:\/\/mallemb.lv\/wp-content\/uploads\/2025\/05\/WhatsApp-Image-2025-05-14-at-06.29.05-1.jpeg\" data-elementor-open-lightbox=\"yes\" data-elementor-lightbox-slideshow=\"all-f721fd8\" data-elementor-lightbox-title=\"WhatsApp Image 2025-05-14 at 06.29.05 (1)\" data-e-action-hash=\"#elementor-action%3Aaction%3Dlightbox%26settings%3DeyJpZCI6NTU3NSwidXJsIjoiaHR0cHM6XC9cL21hbGxlbWIubHZcL3dwLWNvbnRlbnRcL3VwbG9hZHNcLzIwMjVcLzA1XC9XaGF0c0FwcC1JbWFnZS0yMDI1LTA1LTE0LWF0LTA2LjI5LjA1LTEuanBlZyIsInNsaWRlc2hvdyI6ImFsbC1mNzIxZmQ4In0%3D\">\n\t\t\t\t\t<div class=\"e-gallery-image elementor-gallery-item__image\" data-thumbnail=\"https:\/\/mallemb.lv\/wp-content\/uploads\/2025\/05\/WhatsApp-Image-2025-05-14-at-06.29.05-1-225x300.jpeg\" data-width=\"225\" data-height=\"300\" alt=\"\" ><\/div>\n\t\t\t\t\t\t\t\t\t\t\t<div class=\"elementor-gallery-item__overlay\"><\/div>\n\t\t\t\t\t\t\t\t\t\t\t\t\t\t<\/a>\n\t\t\t\t\t\t\t<a class=\"e-gallery-item elementor-gallery-item elementor-animated-content\" href=\"https:\/\/mallemb.lv\/wp-content\/uploads\/2025\/05\/WhatsApp-Image-2025-05-14-at-06.29.05-5.jpeg\" data-elementor-open-lightbox=\"yes\" data-elementor-lightbox-slideshow=\"all-f721fd8\" data-elementor-lightbox-title=\"WhatsApp Image 2025-05-14 at 06.29.05 (5)\" data-e-action-hash=\"#elementor-action%3Aaction%3Dlightbox%26settings%3DeyJpZCI6NTU3OSwidXJsIjoiaHR0cHM6XC9cL21hbGxlbWIubHZcL3dwLWNvbnRlbnRcL3VwbG9hZHNcLzIwMjVcLzA1XC9XaGF0c0FwcC1JbWFnZS0yMDI1LTA1LTE0LWF0LTA2LjI5LjA1LTUuanBlZyIsInNsaWRlc2hvdyI6ImFsbC1mNzIxZmQ4In0%3D\">\n\t\t\t\t\t<div class=\"e-gallery-image elementor-gallery-item__image\" data-thumbnail=\"https:\/\/mallemb.lv\/wp-content\/uploads\/2025\/05\/WhatsApp-Image-2025-05-14-at-06.29.05-5-300x138.jpeg\" data-width=\"300\" data-height=\"138\" alt=\"\" ><\/div>\n\t\t\t\t\t\t\t\t\t\t\t<div class=\"elementor-gallery-item__overlay\"><\/div>\n\t\t\t\t\t\t\t\t\t\t\t\t\t\t<\/a>\n\t\t\t\t\t\t\t<a class=\"e-gallery-item elementor-gallery-item elementor-animated-content\" href=\"https:\/\/mallemb.lv\/wp-content\/uploads\/2025\/05\/WhatsApp-Image-2025-05-14-at-06.29.06-3.jpeg\" data-elementor-open-lightbox=\"yes\" data-elementor-lightbox-slideshow=\"all-f721fd8\" data-elementor-lightbox-title=\"WhatsApp Image 2025-05-14 at 06.29.06 (3)\" data-e-action-hash=\"#elementor-action%3Aaction%3Dlightbox%26settings%3DeyJpZCI6NTU4NCwidXJsIjoiaHR0cHM6XC9cL21hbGxlbWIubHZcL3dwLWNvbnRlbnRcL3VwbG9hZHNcLzIwMjVcLzA1XC9XaGF0c0FwcC1JbWFnZS0yMDI1LTA1LTE0LWF0LTA2LjI5LjA2LTMuanBlZyIsInNsaWRlc2hvdyI6ImFsbC1mNzIxZmQ4In0%3D\">\n\t\t\t\t\t<div class=\"e-gallery-image elementor-gallery-item__image\" data-thumbnail=\"https:\/\/mallemb.lv\/wp-content\/uploads\/2025\/05\/WhatsApp-Image-2025-05-14-at-06.29.06-3-300x138.jpeg\" data-width=\"300\" data-height=\"138\" alt=\"\" ><\/div>\n\t\t\t\t\t\t\t\t\t\t\t<div class=\"elementor-gallery-item__overlay\"><\/div>\n\t\t\t\t\t\t\t\t\t\t\t\t\t\t<\/a>\n\t\t\t\t\t\t\t<a class=\"e-gallery-item elementor-gallery-item elementor-animated-content\" href=\"https:\/\/mallemb.lv\/wp-content\/uploads\/2025\/05\/WhatsApp-Image-2025-05-14-at-06.29.05-6.jpeg\" data-elementor-open-lightbox=\"yes\" data-elementor-lightbox-slideshow=\"all-f721fd8\" data-elementor-lightbox-title=\"WhatsApp Image 2025-05-14 at 06.29.05 (6)\" data-e-action-hash=\"#elementor-action%3Aaction%3Dlightbox%26settings%3DeyJpZCI6NTU4MCwidXJsIjoiaHR0cHM6XC9cL21hbGxlbWIubHZcL3dwLWNvbnRlbnRcL3VwbG9hZHNcLzIwMjVcLzA1XC9XaGF0c0FwcC1JbWFnZS0yMDI1LTA1LTE0LWF0LTA2LjI5LjA1LTYuanBlZyIsInNsaWRlc2hvdyI6ImFsbC1mNzIxZmQ4In0%3D\">\n\t\t\t\t\t<div class=\"e-gallery-image elementor-gallery-item__image\" data-thumbnail=\"https:\/\/mallemb.lv\/wp-content\/uploads\/2025\/05\/WhatsApp-Image-2025-05-14-at-06.29.05-6-300x138.jpeg\" data-width=\"300\" data-height=\"138\" alt=\"\" ><\/div>\n\t\t\t\t\t\t\t\t\t\t\t<div class=\"elementor-gallery-item__overlay\"><\/div>\n\t\t\t\t\t\t\t\t\t\t\t\t\t\t<\/a>\n\t\t\t\t\t\t\t<a class=\"e-gallery-item elementor-gallery-item elementor-animated-content\" href=\"https:\/\/mallemb.lv\/wp-content\/uploads\/2025\/05\/WhatsApp-Image-2025-05-14-at-06.29.06.jpeg\" data-elementor-open-lightbox=\"yes\" data-elementor-lightbox-slideshow=\"all-f721fd8\" data-elementor-lightbox-title=\"WhatsApp Image 2025-05-14 at 06.29.06\" data-e-action-hash=\"#elementor-action%3Aaction%3Dlightbox%26settings%3DeyJpZCI6NTU4MSwidXJsIjoiaHR0cHM6XC9cL21hbGxlbWIubHZcL3dwLWNvbnRlbnRcL3VwbG9hZHNcLzIwMjVcLzA1XC9XaGF0c0FwcC1JbWFnZS0yMDI1LTA1LTE0LWF0LTA2LjI5LjA2LmpwZWciLCJzbGlkZXNob3ciOiJhbGwtZjcyMWZkOCJ9\">\n\t\t\t\t\t<div class=\"e-gallery-image elementor-gallery-item__image\" data-thumbnail=\"https:\/\/mallemb.lv\/wp-content\/uploads\/2025\/05\/WhatsApp-Image-2025-05-14-at-06.29.06-300x138.jpeg\" data-width=\"300\" data-height=\"138\" alt=\"\" ><\/div>\n\t\t\t\t\t\t\t\t\t\t\t<div class=\"elementor-gallery-item__overlay\"><\/div>\n\t\t\t\t\t\t\t\t\t\t\t\t\t\t<\/a>\n\t\t\t\t\t\t\t<a class=\"e-gallery-item elementor-gallery-item elementor-animated-content\" href=\"https:\/\/mallemb.lv\/wp-content\/uploads\/2025\/05\/WhatsApp-Image-2025-05-14-at-06.29.06-1.jpeg\" data-elementor-open-lightbox=\"yes\" data-elementor-lightbox-slideshow=\"all-f721fd8\" data-elementor-lightbox-title=\"WhatsApp Image 2025-05-14 at 06.29.06 (1)\" data-e-action-hash=\"#elementor-action%3Aaction%3Dlightbox%26settings%3DeyJpZCI6NTU4MiwidXJsIjoiaHR0cHM6XC9cL21hbGxlbWIubHZcL3dwLWNvbnRlbnRcL3VwbG9hZHNcLzIwMjVcLzA1XC9XaGF0c0FwcC1JbWFnZS0yMDI1LTA1LTE0LWF0LTA2LjI5LjA2LTEuanBlZyIsInNsaWRlc2hvdyI6ImFsbC1mNzIxZmQ4In0%3D\">\n\t\t\t\t\t<div class=\"e-gallery-image elementor-gallery-item__image\" data-thumbnail=\"https:\/\/mallemb.lv\/wp-content\/uploads\/2025\/05\/WhatsApp-Image-2025-05-14-at-06.29.06-1-300x138.jpeg\" data-width=\"300\" data-height=\"138\" alt=\"\" ><\/div>\n\t\t\t\t\t\t\t\t\t\t\t<div class=\"elementor-gallery-item__overlay\"><\/div>\n\t\t\t\t\t\t\t\t\t\t\t\t\t\t<\/a>\n\t\t\t\t\t\t\t<a class=\"e-gallery-item elementor-gallery-item elementor-animated-content\" href=\"https:\/\/mallemb.lv\/wp-content\/uploads\/2025\/05\/WhatsApp-Image-2025-05-14-at-06.29.06-2.jpeg\" data-elementor-open-lightbox=\"yes\" data-elementor-lightbox-slideshow=\"all-f721fd8\" data-elementor-lightbox-title=\"WhatsApp Image 2025-05-14 at 06.29.06 (2)\" data-e-action-hash=\"#elementor-action%3Aaction%3Dlightbox%26settings%3DeyJpZCI6NTU4MywidXJsIjoiaHR0cHM6XC9cL21hbGxlbWIubHZcL3dwLWNvbnRlbnRcL3VwbG9hZHNcLzIwMjVcLzA1XC9XaGF0c0FwcC1JbWFnZS0yMDI1LTA1LTE0LWF0LTA2LjI5LjA2LTIuanBlZyIsInNsaWRlc2hvdyI6ImFsbC1mNzIxZmQ4In0%3D\">\n\t\t\t\t\t<div class=\"e-gallery-image elementor-gallery-item__image\" data-thumbnail=\"https:\/\/mallemb.lv\/wp-content\/uploads\/2025\/05\/WhatsApp-Image-2025-05-14-at-06.29.06-2-300x138.jpeg\" data-width=\"300\" data-height=\"138\" alt=\"\" ><\/div>\n\t\t\t\t\t\t\t\t\t\t\t<div class=\"elementor-gallery-item__overlay\"><\/div>\n\t\t\t\t\t\t\t\t\t\t\t\t\t\t<\/a>\n\t\t\t\t\t\t\t<a class=\"e-gallery-item elementor-gallery-item elementor-animated-content\" href=\"https:\/\/mallemb.lv\/wp-content\/uploads\/2025\/05\/WhatsApp-Image-2025-05-14-at-06.29.05-2.jpeg\" data-elementor-open-lightbox=\"yes\" data-elementor-lightbox-slideshow=\"all-f721fd8\" data-elementor-lightbox-title=\"WhatsApp Image 2025-05-14 at 06.29.05 (2)\" data-e-action-hash=\"#elementor-action%3Aaction%3Dlightbox%26settings%3DeyJpZCI6NTU3NiwidXJsIjoiaHR0cHM6XC9cL21hbGxlbWIubHZcL3dwLWNvbnRlbnRcL3VwbG9hZHNcLzIwMjVcLzA1XC9XaGF0c0FwcC1JbWFnZS0yMDI1LTA1LTE0LWF0LTA2LjI5LjA1LTIuanBlZyIsInNsaWRlc2hvdyI6ImFsbC1mNzIxZmQ4In0%3D\">\n\t\t\t\t\t<div class=\"e-gallery-image elementor-gallery-item__image\" data-thumbnail=\"https:\/\/mallemb.lv\/wp-content\/uploads\/2025\/05\/WhatsApp-Image-2025-05-14-at-06.29.05-2-300x225.jpeg\" data-width=\"300\" data-height=\"225\" alt=\"\" ><\/div>\n\t\t\t\t\t\t\t\t\t\t\t<div class=\"elementor-gallery-item__overlay\"><\/div>\n\t\t\t\t\t\t\t\t\t\t\t\t\t\t<\/a>\n\t\t\t\t\t\t\t<a class=\"e-gallery-item elementor-gallery-item elementor-animated-content\" href=\"https:\/\/mallemb.lv\/wp-content\/uploads\/2025\/05\/WhatsApp-Image-2025-05-14-at-06.29.05-3.jpeg\" data-elementor-open-lightbox=\"yes\" data-elementor-lightbox-slideshow=\"all-f721fd8\" data-elementor-lightbox-title=\"WhatsApp Image 2025-05-14 at 06.29.05 (3)\" data-e-action-hash=\"#elementor-action%3Aaction%3Dlightbox%26settings%3DeyJpZCI6NTU3NywidXJsIjoiaHR0cHM6XC9cL21hbGxlbWIubHZcL3dwLWNvbnRlbnRcL3VwbG9hZHNcLzIwMjVcLzA1XC9XaGF0c0FwcC1JbWFnZS0yMDI1LTA1LTE0LWF0LTA2LjI5LjA1LTMuanBlZyIsInNsaWRlc2hvdyI6ImFsbC1mNzIxZmQ4In0%3D\">\n\t\t\t\t\t<div class=\"e-gallery-image elementor-gallery-item__image\" data-thumbnail=\"https:\/\/mallemb.lv\/wp-content\/uploads\/2025\/05\/WhatsApp-Image-2025-05-14-at-06.29.05-3-300x225.jpeg\" data-width=\"300\" data-height=\"225\" alt=\"\" ><\/div>\n\t\t\t\t\t\t\t\t\t\t\t<div class=\"elementor-gallery-item__overlay\"><\/div>\n\t\t\t\t\t\t\t\t\t\t\t\t\t\t<\/a>\n\t\t\t\t\t\t\t<a class=\"e-gallery-item elementor-gallery-item elementor-animated-content\" href=\"https:\/\/mallemb.lv\/wp-content\/uploads\/2025\/05\/WhatsApp-Image-2025-05-14-at-06.29.05-4.jpeg\" data-elementor-open-lightbox=\"yes\" data-elementor-lightbox-slideshow=\"all-f721fd8\" data-elementor-lightbox-title=\"WhatsApp Image 2025-05-14 at 06.29.05 (4)\" data-e-action-hash=\"#elementor-action%3Aaction%3Dlightbox%26settings%3DeyJpZCI6NTU3OCwidXJsIjoiaHR0cHM6XC9cL21hbGxlbWIubHZcL3dwLWNvbnRlbnRcL3VwbG9hZHNcLzIwMjVcLzA1XC9XaGF0c0FwcC1JbWFnZS0yMDI1LTA1LTE0LWF0LTA2LjI5LjA1LTQuanBlZyIsInNsaWRlc2hvdyI6ImFsbC1mNzIxZmQ4In0%3D\">\n\t\t\t\t\t<div class=\"e-gallery-image elementor-gallery-item__image\" data-thumbnail=\"https:\/\/mallemb.lv\/wp-content\/uploads\/2025\/05\/WhatsApp-Image-2025-05-14-at-06.29.05-4-300x225.jpeg\" data-width=\"300\" data-height=\"225\" alt=\"\" ><\/div>\n\t\t\t\t\t\t\t\t\t\t\t<div class=\"elementor-gallery-item__overlay\"><\/div>\n\t\t\t\t\t\t\t\t\t\t\t\t\t\t<\/a>\n\t\t\t\t\t\t\t<a class=\"e-gallery-item elementor-gallery-item elementor-animated-content\" href=\"https:\/\/mallemb.lv\/wp-content\/uploads\/2025\/05\/WhatsApp-Image-2025-05-14-at-08.22.00-1.jpeg\" data-elementor-open-lightbox=\"yes\" data-elementor-lightbox-slideshow=\"all-f721fd8\" data-elementor-lightbox-title=\"WhatsApp Image 2025-05-14 at 08.22.00 (1)\" data-e-action-hash=\"#elementor-action%3Aaction%3Dlightbox%26settings%3DeyJpZCI6NTU4OCwidXJsIjoiaHR0cHM6XC9cL21hbGxlbWIubHZcL3dwLWNvbnRlbnRcL3VwbG9hZHNcLzIwMjVcLzA1XC9XaGF0c0FwcC1JbWFnZS0yMDI1LTA1LTE0LWF0LTA4LjIyLjAwLTEuanBlZyIsInNsaWRlc2hvdyI6ImFsbC1mNzIxZmQ4In0%3D\">\n\t\t\t\t\t<div class=\"e-gallery-image elementor-gallery-item__image\" data-thumbnail=\"https:\/\/mallemb.lv\/wp-content\/uploads\/2025\/05\/WhatsApp-Image-2025-05-14-at-08.22.00-1-300x225.jpeg\" data-width=\"300\" data-height=\"225\" alt=\"\" ><\/div>\n\t\t\t\t\t\t\t\t\t\t\t<div class=\"elementor-gallery-item__overlay\"><\/div>\n\t\t\t\t\t\t\t\t\t\t\t\t\t\t<\/a>\n\t\t\t\t\t\t\t<a class=\"e-gallery-item elementor-gallery-item elementor-animated-content\" href=\"https:\/\/mallemb.lv\/wp-content\/uploads\/2025\/05\/WhatsApp-Image-2025-05-14-at-08.22.00.jpeg\" data-elementor-open-lightbox=\"yes\" data-elementor-lightbox-slideshow=\"all-f721fd8\" data-elementor-lightbox-title=\"WhatsApp Image 2025-05-14 at 08.22.00\" data-e-action-hash=\"#elementor-action%3Aaction%3Dlightbox%26settings%3DeyJpZCI6NTU4NywidXJsIjoiaHR0cHM6XC9cL21hbGxlbWIubHZcL3dwLWNvbnRlbnRcL3VwbG9hZHNcLzIwMjVcLzA1XC9XaGF0c0FwcC1JbWFnZS0yMDI1LTA1LTE0LWF0LTA4LjIyLjAwLmpwZWciLCJzbGlkZXNob3ciOiJhbGwtZjcyMWZkOCJ9\">\n\t\t\t\t\t<div class=\"e-gallery-image elementor-gallery-item__image\" data-thumbnail=\"https:\/\/mallemb.lv\/wp-content\/uploads\/2025\/05\/WhatsApp-Image-2025-05-14-at-08.22.00-300x225.jpeg\" data-width=\"300\" data-height=\"225\" alt=\"\" ><\/div>\n\t\t\t\t\t\t\t\t\t\t\t<div class=\"elementor-gallery-item__overlay\"><\/div>\n\t\t\t\t\t\t\t\t\t\t\t\t\t\t<\/a>\n\t\t\t\t\t\t\t<a class=\"e-gallery-item elementor-gallery-item elementor-animated-content\" href=\"https:\/\/mallemb.lv\/wp-content\/uploads\/2025\/05\/WhatsApp-Image-2025-05-14-at-08.22.00-3.jpeg\" data-elementor-open-lightbox=\"yes\" data-elementor-lightbox-slideshow=\"all-f721fd8\" data-elementor-lightbox-title=\"WhatsApp Image 2025-05-14 at 08.22.00 (3)\" data-e-action-hash=\"#elementor-action%3Aaction%3Dlightbox%26settings%3DeyJpZCI6NTU5MCwidXJsIjoiaHR0cHM6XC9cL21hbGxlbWIubHZcL3dwLWNvbnRlbnRcL3VwbG9hZHNcLzIwMjVcLzA1XC9XaGF0c0FwcC1JbWFnZS0yMDI1LTA1LTE0LWF0LTA4LjIyLjAwLTMuanBlZyIsInNsaWRlc2hvdyI6ImFsbC1mNzIxZmQ4In0%3D\">\n\t\t\t\t\t<div class=\"e-gallery-image elementor-gallery-item__image\" data-thumbnail=\"https:\/\/mallemb.lv\/wp-content\/uploads\/2025\/05\/WhatsApp-Image-2025-05-14-at-08.22.00-3-300x138.jpeg\" data-width=\"300\" data-height=\"138\" alt=\"\" ><\/div>\n\t\t\t\t\t\t\t\t\t\t\t<div class=\"elementor-gallery-item__overlay\"><\/div>\n\t\t\t\t\t\t\t\t\t\t\t\t\t\t<\/a>\n\t\t\t\t\t\t\t<a class=\"e-gallery-item elementor-gallery-item elementor-animated-content\" href=\"https:\/\/mallemb.lv\/wp-content\/uploads\/2025\/05\/WhatsApp-Image-2025-05-14-at-08.22.01.jpeg\" data-elementor-open-lightbox=\"yes\" data-elementor-lightbox-slideshow=\"all-f721fd8\" data-elementor-lightbox-title=\"WhatsApp Image 2025-05-14 at 08.22.01\" data-e-action-hash=\"#elementor-action%3Aaction%3Dlightbox%26settings%3DeyJpZCI6NTU5MSwidXJsIjoiaHR0cHM6XC9cL21hbGxlbWIubHZcL3dwLWNvbnRlbnRcL3VwbG9hZHNcLzIwMjVcLzA1XC9XaGF0c0FwcC1JbWFnZS0yMDI1LTA1LTE0LWF0LTA4LjIyLjAxLmpwZWciLCJzbGlkZXNob3ciOiJhbGwtZjcyMWZkOCJ9\">\n\t\t\t\t\t<div class=\"e-gallery-image elementor-gallery-item__image\" data-thumbnail=\"https:\/\/mallemb.lv\/wp-content\/uploads\/2025\/05\/WhatsApp-Image-2025-05-14-at-08.22.01-300x138.jpeg\" data-width=\"300\" data-height=\"138\" alt=\"\" ><\/div>\n\t\t\t\t\t\t\t\t\t\t\t<div class=\"elementor-gallery-item__overlay\"><\/div>\n\t\t\t\t\t\t\t\t\t\t\t\t\t\t<\/a>\n\t\t\t\t\t<\/div>\n\t\t\t\t\t<\/div>\n\t\t\t\t<\/div>\n\t\t\t\t<\/div>\n\t\t\t\t\t<\/div>\n\t\t\t\t<\/div>\n\t\t\t\t<\/div>\n\t\t","protected":false},"excerpt":{"rendered":"<p>Zemes darbi: Pied\u0101v\u0101jam visa veida zemes darbus Tran\u0161ejas rak\u0161ana komunik\u0101cij\u0101m \u0112ku pamatu zemes sagatavo\u0161anas darbi Dren\u0101\u017eu izveide Bru\u0123\u0113\u0161anas darbi Kanaliz\u0101cijas grodu uzst\u0101d\u012b\u0161ana Ugunsdz\u0113s\u012bbas d\u012b\u0137a rak\u0161anas darbi U.C<\/p>\n","protected":false},"author":1,"featured_media":5005,"parent":0,"menu_order":0,"comment_status":"closed","ping_status":"closed","template":"","meta":{"footnotes":""},"class_list":["post-4229","page","type-page","status-publish","has-post-thumbnail","hentry"],"_links":{"self":[{"href":"https:\/\/mallemb.lv\/lv\/wp-json\/wp\/v2\/pages\/4229","targetHints":{"allow":["GET"]}}],"collection":[{"href":"https:\/\/mallemb.lv\/lv\/wp-json\/wp\/v2\/pages"}],"about":[{"href":"https:\/\/mallemb.lv\/lv\/wp-json\/wp\/v2\/types\/page"}],"author":[{"embeddable":true,"href":"https:\/\/mallemb.lv\/lv\/wp-json\/wp\/v2\/users\/1"}],"replies":[{"embeddable":true,"href":"https:\/\/mallemb.lv\/lv\/wp-json\/wp\/v2\/comments?post=4229"}],"version-history":[{"count":16,"href":"https:\/\/mallemb.lv\/lv\/wp-json\/wp\/v2\/pages\/4229\/revisions"}],"predecessor-version":[{"id":5592,"href":"https:\/\/mallemb.lv\/lv\/wp-json\/wp\/v2\/pages\/4229\/revisions\/5592"}],"wp:featuredmedia":[{"embeddable":true,"href":"https:\/\/mallemb.lv\/lv\/wp-json\/wp\/v2\/media\/5005"}],"wp:attachment":[{"href":"https:\/\/mallemb.lv\/lv\/wp-json\/wp\/v2\/media?parent=4229"}],"curies":[{"name":"wp","href":"https:\/\/api.w.org\/{rel}","templated":true}]}}