{"id":422,"date":"2018-03-01T12:37:18","date_gmt":"2018-03-01T12:37:18","guid":{"rendered":"http:\/\/makaanlelo.com\/wp\/constructzilla\/?page_id=422"},"modified":"2025-03-03T15:31:46","modified_gmt":"2025-03-03T13:31:46","slug":"kontakti","status":"publish","type":"page","link":"https:\/\/mallemb.lv\/lv\/kontakti\/","title":{"rendered":"Kontakti"},"content":{"rendered":"<div class=\"vc_row wpb_row vc_row-fluid\"><div class=\"wpb_column vc_column_container vc_col-sm-12\"><div class=\"vc_column-inner\"><div class=\"wpb_wrapper\">\r\n<!-- contact area -->\r\n<div class=\"section-full content-inner contact-v1 bg-white contact-style-1\">\r\n    <div class=\"container\">\r\n        <div class=\"row\">\r\n            <!-- Left part start -->\r\n            <div class=\"col-md-8\">\r\n                <div class=\"p-a30 bg-gray clearfix m-b30 \">\r\n                    <h2>Sazinies ar mums<\/h2>\r\n                    <div class=\"dzFormMsg\"><\/div>\r\n                    \n<div class=\"wpcf7 no-js\" id=\"wpcf7-f431-o1\" lang=\"en-US\" dir=\"ltr\" data-wpcf7-id=\"431\">\n<div class=\"screen-reader-response\"><p role=\"status\" aria-live=\"polite\" aria-atomic=\"true\"><\/p> <ul><\/ul><\/div>\n<form action=\"\/lv\/wp-json\/wp\/v2\/pages\/422#wpcf7-f431-o1\" method=\"post\" class=\"wpcf7-form init\" aria-label=\"Contact form\" novalidate=\"novalidate\" data-status=\"init\">\n<fieldset class=\"hidden-fields-container\"><input type=\"hidden\" name=\"_wpcf7\" value=\"431\" \/><input type=\"hidden\" name=\"_wpcf7_version\" value=\"6.1.1\" \/><input type=\"hidden\" name=\"_wpcf7_locale\" value=\"en_US\" \/><input type=\"hidden\" name=\"_wpcf7_unit_tag\" value=\"wpcf7-f431-o1\" \/><input type=\"hidden\" name=\"_wpcf7_container_post\" value=\"0\" \/><input type=\"hidden\" name=\"_wpcf7_posted_data_hash\" value=\"\" \/>\n<\/fieldset>\n<div class=\"dzForm\">\n\t<div class=\"row\">\n\t\t<div class=\"col-md-6\">\n\t\t\t<div class=\"form-group\">\n\t\t\t\t<div class=\"input-group\">\n\t\t\t\t\t<p><span class=\"wpcf7-form-control-wrap\" data-name=\"text-6\"><input size=\"40\" maxlength=\"400\" class=\"wpcf7-form-control wpcf7-text wpcf7-validates-as-required form-control\" aria-required=\"true\" aria-invalid=\"false\" placeholder=\"V\u0101rds\" value=\"\" type=\"text\" name=\"text-6\" \/><\/span>\n\t\t\t\t\t<\/p>\n\t\t\t\t<\/div>\n\t\t\t<\/div>\n\t\t<\/div>\n\t\t<div class=\"col-md-6\">\n\t\t\t<div class=\"form-group\">\n\t\t\t\t<div class=\"input-group\">\n\t\t\t\t\t<p><span class=\"wpcf7-form-control-wrap\" data-name=\"email-222\"><input size=\"40\" maxlength=\"400\" class=\"wpcf7-form-control wpcf7-email wpcf7-validates-as-required wpcf7-text wpcf7-validates-as-email form-control\" aria-required=\"true\" aria-invalid=\"false\" placeholder=\"E-pasts\" value=\"\" type=\"email\" name=\"email-222\" \/><\/span>\n\t\t\t\t\t<\/p>\n\t\t\t\t<\/div>\n\t\t\t<\/div>\n\t\t<\/div>\n\t\t<div class=\"col-md-6\">\n\t\t\t<div class=\"form-group\">\n\t\t\t\t<div class=\"input-group\">\n\t\t\t\t\t<p><span class=\"wpcf7-form-control-wrap\" data-name=\"text-7\"><input size=\"40\" maxlength=\"400\" class=\"wpcf7-form-control wpcf7-text form-control\" aria-invalid=\"false\" placeholder=\"Telefona nr.\" value=\"\" type=\"text\" name=\"text-7\" \/><\/span>\n\t\t\t\t\t<\/p>\n\t\t\t\t<\/div>\n\t\t\t<\/div>\n\t\t<\/div>\n\t\t<div class=\"col-md-6\">\n\t\t\t<div class=\"form-group\">\n\t\t\t\t<div class=\"input-group\">\n\t\t\t\t\t<p><span class=\"wpcf7-form-control-wrap\" data-name=\"text-8\"><input size=\"40\" maxlength=\"400\" class=\"wpcf7-form-control wpcf7-text form-control\" aria-invalid=\"false\" placeholder=\"Temats\" value=\"\" type=\"text\" name=\"text-8\" \/><\/span>\n\t\t\t\t\t<\/p>\n\t\t\t\t<\/div>\n\t\t\t<\/div>\n\t\t<\/div>\n\t\t<div class=\"col-md-12\">\n\t\t\t<div class=\"form-group\">\n\t\t\t\t<div class=\"input-group\">\n\t\t\t\t\t<p><span class=\"wpcf7-form-control-wrap\" data-name=\"textarea-712\"><textarea cols=\"40\" rows=\"10\" maxlength=\"2000\" class=\"wpcf7-form-control wpcf7-textarea form-control\" aria-invalid=\"false\" placeholder=\"J\u016bsu zi\u0146a...\" name=\"textarea-712\"><\/textarea><\/span>\n\t\t\t\t\t<\/p>\n\t\t\t\t<\/div>\n\t\t\t<\/div>\n\t\t<\/div>\n\t\t<div class=\"col-md-12\">\n\t\t\t<p><input class=\"wpcf7-form-control wpcf7-submit has-spinner site-button\" type=\"submit\" value=\"S\u016bt\u012bt\" \/>\n\t\t\t<\/p>\n\t\t<\/div>\n\t<\/div>\n<\/div><div class=\"wpcf7-response-output\" aria-hidden=\"true\"><\/div>\n<\/form>\n<\/div>\n                <\/div>\r\n            <\/div>\r\n            <!-- Left part END -->\r\n            <!-- right part start -->\r\n            <div class=\"col-md-4\">\r\n                <div class=\"p-a30 m-b30 border-1 contact-area\">\r\n                    <h2 class=\"m-b10\">M\u016bsu kontakti<\/h2>\r\n                    <p>Ja jums ir k\u0101di jaut\u0101jumi, vienk\u0101r\u0161i izmantojiet t\u0101l\u0101k nor\u0101d\u012bto kontaktinform\u0101ciju.<\/p>\r\n                    <ul class=\"no-margin\">\r\n                                                <li class=\"icon-bx-wraper left m-b30\">\r\n                            <div class=\"icon-bx-xs bg-primary\"> <a href=\"#\" class=\"icon-cell\"><i class=\"fa fa fa-map-marker\"><\/i><\/a> <\/div>\r\n                            <div class=\"icon-content\">\r\n                                <h6 class=\"text-uppercase m-tb0 dez-tilte\">ADRESE:<\/h6>\r\n                                <p>&nbsp;R\u012bga, Vestienas iela 2J, LV-1035<\/p>\r\n                            <\/div>\r\n                        <\/li>\r\n                                                <li class=\"icon-bx-wraper left m-b30\">\r\n                            <div class=\"icon-bx-xs bg-primary\"> <a href=\"#\" class=\"icon-cell\"><i class=\"fa fa fa-envelope-o\"><\/i><\/a> <\/div>\r\n                            <div class=\"icon-content\">\r\n                                <h6 class=\"text-uppercase m-tb0 dez-tilte\">E-PASTS:<\/h6>\r\n                                <p>&nbsp;buvnieciba@mallemb.lv<\/p>\r\n                            <\/div>\r\n                        <\/li>\r\n                                                <li class=\"icon-bx-wraper left m-b30\">\r\n                            <div class=\"icon-bx-xs bg-primary\"> <a href=\"#\" class=\"icon-cell\"><i class=\"fa fa fa-phone\"><\/i><\/a> <\/div>\r\n                            <div class=\"icon-content\">\r\n                                <h6 class=\"text-uppercase m-tb0 dez-tilte\">TELEFONA NR:<\/h6>\r\n                                <p>&nbsp;+371 20198889<\/p>\r\n                            <\/div>\r\n                        <\/li>\r\n                                            <\/ul>\r\n                    \r\n                    \t\t\t\t\t\t\r\n\t\t\t\t\t\t                        <div class=\"m-t20\">\r\n                            <ul class=\"dez-social-icon border dez-social-icon-lg\">\r\n                                                                    <li><a href=\"\" class=\"fa  bg-primary\"><\/a><\/li>\r\n                                                            <\/ul>\r\n                        <\/div>\r\n                                                \r\n               \t\t                <\/div>\r\n            <\/div>\r\n            <!-- right part END -->\r\n        <\/div>\r\n        \r\n    <\/div>\r\n<\/div>\r\n<!-- contact area  END -->\r\n\r\n<\/div><\/div><\/div><\/div>\n","protected":false},"excerpt":{"rendered":"Sazinies ar mums M\u016bsu kontakti Ja jums ir k\u0101di jaut\u0101jumi, vienk\u0101r\u0161i izmantojiet t\u0101l\u0101k nor\u0101d\u012bto kontaktinform\u0101ciju. ADRESE: &nbsp;R\u012bga, Vestienas iela 2J, LV-1035 E-PASTS: &nbsp;buvnieciba@mallemb.lv TELEFONA NR: &nbsp;+371 20198889","protected":false},"author":1,"featured_media":0,"parent":0,"menu_order":0,"comment_status":"closed","ping_status":"closed","template":"tpl-visual_composer.php","meta":{"footnotes":""},"class_list":["post-422","page","type-page","status-publish","hentry"],"_links":{"self":[{"href":"https:\/\/mallemb.lv\/lv\/wp-json\/wp\/v2\/pages\/422","targetHints":{"allow":["GET"]}}],"collection":[{"href":"https:\/\/mallemb.lv\/lv\/wp-json\/wp\/v2\/pages"}],"about":[{"href":"https:\/\/mallemb.lv\/lv\/wp-json\/wp\/v2\/types\/page"}],"author":[{"embeddable":true,"href":"https:\/\/mallemb.lv\/lv\/wp-json\/wp\/v2\/users\/1"}],"replies":[{"embeddable":true,"href":"https:\/\/mallemb.lv\/lv\/wp-json\/wp\/v2\/comments?post=422"}],"version-history":[{"count":8,"href":"https:\/\/mallemb.lv\/lv\/wp-json\/wp\/v2\/pages\/422\/revisions"}],"predecessor-version":[{"id":5503,"href":"https:\/\/mallemb.lv\/lv\/wp-json\/wp\/v2\/pages\/422\/revisions\/5503"}],"wp:attachment":[{"href":"https:\/\/mallemb.lv\/lv\/wp-json\/wp\/v2\/media?parent=422"}],"curies":[{"name":"wp","href":"https:\/\/api.w.org\/{rel}","templated":true}]}}