{"id":4209,"date":"2024-01-24T12:22:34","date_gmt":"2024-01-24T10:22:34","guid":{"rendered":"https:\/\/bitserviss.lv\/?page_id=4209"},"modified":"2025-05-13T13:56:34","modified_gmt":"2025-05-13T10:56:34","slug":"celtniecibas-darbi","status":"publish","type":"page","link":"https:\/\/mallemb.lv\/lv\/celtniecibas-darbi\/","title":{"rendered":"Celtniec\u012bbas darbi"},"content":{"rendered":"\t\t<div data-elementor-type=\"wp-page\" data-elementor-id=\"4209\" class=\"elementor elementor-4209\">\n\t\t\t\t<div class=\"elementor-element elementor-element-852806c e-flex e-con-boxed e-con e-parent\" data-id=\"852806c\" data-element_type=\"container\">\n\t\t\t\t\t<div class=\"e-con-inner\">\n\t\t<div class=\"elementor-element elementor-element-3f230ea e-con-full e-flex e-con e-child\" data-id=\"3f230ea\" data-element_type=\"container\">\n\t\t\t\t<div class=\"elementor-element elementor-element-226e148 elementor-widget elementor-widget-text-editor\" data-id=\"226e148\" data-element_type=\"widget\" data-widget_type=\"text-editor.default\">\n\t\t\t\t<div class=\"elementor-widget-container\">\n\t\t\t\t\t\t\t\t\t<p>B\u016bvniecibas darbi:<\/p><p>Pied\u0101v\u0101jam visa veida projekt\u0113t\u0101ju pakalpojums<br \/><strong>&#8211; Dokoment\u0101cijas sak\u0101rto\u0161ana, saska\u0146o\u0161ana BIS <\/strong><br \/><strong>&#8211; M\u0113rnieka pakalpojumi<\/strong><br \/><strong>&#8211; \u2060\u0112kas pamatu izb\u016bve<\/strong><br \/><strong>&#8211; \u2060\u016aKT piesl\u0113g\u0161ana<\/strong><br \/><strong>&#8211; \u2060Karkasa B\u016bvniec\u012bba<\/strong><br \/><strong>&#8211; \u2060M\u016brnieka pakalpojumi <\/strong><br \/><strong>&#8211; \u2060Jumta izb\u016bve<\/strong><br \/><strong>&#8211; \u2060Bru\u0123\u0113\u0161anas darbi<\/strong><br \/><strong>&#8211; \u2060Apza\u013cumo\u0161ana, labiek\u0101rto\u0161ana<\/strong><br \/><strong>&#8211; \u2060\u017doga uzst\u0101d\u012b\u0161ana, izgatavoana<\/strong><br \/><strong>&#8211; \u2060 Video nov\u0113ro\u0161anas uzst\u0101d\u012b\u0161ana<\/strong><br \/><strong>&#8211; \u2060Apsardze<\/strong><\/p>\t\t\t\t\t\t\t\t<\/div>\n\t\t\t\t<\/div>\n\t\t\t\t<\/div>\n\t\t<div class=\"elementor-element elementor-element-61571bb e-con-full e-flex e-con e-child\" data-id=\"61571bb\" data-element_type=\"container\">\n\t\t\t\t<div class=\"elementor-element elementor-element-9cbcfb8 elementor-widget elementor-widget-gallery\" data-id=\"9cbcfb8\" data-element_type=\"widget\" data-settings=\"{&quot;gallery_layout&quot;:&quot;justified&quot;,&quot;lazyload&quot;:&quot;yes&quot;,&quot;ideal_row_height&quot;:{&quot;unit&quot;:&quot;px&quot;,&quot;size&quot;:200,&quot;sizes&quot;:[]},&quot;ideal_row_height_tablet&quot;:{&quot;unit&quot;:&quot;px&quot;,&quot;size&quot;:150,&quot;sizes&quot;:[]},&quot;ideal_row_height_mobile&quot;:{&quot;unit&quot;:&quot;px&quot;,&quot;size&quot;:150,&quot;sizes&quot;:[]},&quot;gap&quot;:{&quot;unit&quot;:&quot;px&quot;,&quot;size&quot;:10,&quot;sizes&quot;:[]},&quot;gap_tablet&quot;:{&quot;unit&quot;:&quot;px&quot;,&quot;size&quot;:10,&quot;sizes&quot;:[]},&quot;gap_mobile&quot;:{&quot;unit&quot;:&quot;px&quot;,&quot;size&quot;:10,&quot;sizes&quot;:[]},&quot;link_to&quot;:&quot;file&quot;,&quot;overlay_background&quot;:&quot;yes&quot;,&quot;content_hover_animation&quot;:&quot;fade-in&quot;}\" data-widget_type=\"gallery.default\">\n\t\t\t\t<div class=\"elementor-widget-container\">\n\t\t\t\t\t\t\t<div class=\"elementor-gallery__container\">\n\t\t\t\t\t\t\t<a class=\"e-gallery-item elementor-gallery-item elementor-animated-content\" href=\"https:\/\/mallemb.lv\/wp-content\/uploads\/2025\/02\/2adf575d-7c6a-4e15-84b4-990def375641.jpg\" data-elementor-open-lightbox=\"yes\" data-elementor-lightbox-slideshow=\"all-9cbcfb8\" data-elementor-lightbox-title=\"2adf575d-7c6a-4e15-84b4-990def375641\" data-e-action-hash=\"#elementor-action%3Aaction%3Dlightbox%26settings%3DeyJpZCI6NTE3NSwidXJsIjoiaHR0cHM6XC9cL21hbGxlbWIubHZcL3dwLWNvbnRlbnRcL3VwbG9hZHNcLzIwMjVcLzAyXC8yYWRmNTc1ZC03YzZhLTRlMTUtODRiNC05OTBkZWYzNzU2NDEuanBnIiwic2xpZGVzaG93IjoiYWxsLTljYmNmYjgifQ%3D%3D\">\n\t\t\t\t\t<div class=\"e-gallery-image elementor-gallery-item__image\" data-thumbnail=\"https:\/\/mallemb.lv\/wp-content\/uploads\/2025\/02\/2adf575d-7c6a-4e15-84b4-990def375641-225x300.jpg\" data-width=\"225\" data-height=\"300\" alt=\"\" ><\/div>\n\t\t\t\t\t\t\t\t\t\t\t<div class=\"elementor-gallery-item__overlay\"><\/div>\n\t\t\t\t\t\t\t\t\t\t\t\t\t\t<\/a>\n\t\t\t\t\t\t\t<a class=\"e-gallery-item elementor-gallery-item elementor-animated-content\" href=\"https:\/\/mallemb.lv\/wp-content\/uploads\/2025\/02\/a637e5a9-5101-4f24-b155-c83b65584841.jpg\" data-elementor-open-lightbox=\"yes\" data-elementor-lightbox-slideshow=\"all-9cbcfb8\" data-elementor-lightbox-title=\"a637e5a9-5101-4f24-b155-c83b65584841\" data-e-action-hash=\"#elementor-action%3Aaction%3Dlightbox%26settings%3DeyJpZCI6NTE3OCwidXJsIjoiaHR0cHM6XC9cL21hbGxlbWIubHZcL3dwLWNvbnRlbnRcL3VwbG9hZHNcLzIwMjVcLzAyXC9hNjM3ZTVhOS01MTAxLTRmMjQtYjE1NS1jODNiNjU1ODQ4NDEuanBnIiwic2xpZGVzaG93IjoiYWxsLTljYmNmYjgifQ%3D%3D\">\n\t\t\t\t\t<div class=\"e-gallery-image elementor-gallery-item__image\" data-thumbnail=\"https:\/\/mallemb.lv\/wp-content\/uploads\/2025\/02\/a637e5a9-5101-4f24-b155-c83b65584841-300x225.jpg\" data-width=\"300\" data-height=\"225\" alt=\"\" ><\/div>\n\t\t\t\t\t\t\t\t\t\t\t<div class=\"elementor-gallery-item__overlay\"><\/div>\n\t\t\t\t\t\t\t\t\t\t\t\t\t\t<\/a>\n\t\t\t\t\t\t\t<a class=\"e-gallery-item elementor-gallery-item elementor-animated-content\" href=\"https:\/\/mallemb.lv\/wp-content\/uploads\/2025\/02\/WhatsApp-Image-2025-02-06-at-10.01.06.jpeg\" data-elementor-open-lightbox=\"yes\" data-elementor-lightbox-slideshow=\"all-9cbcfb8\" data-elementor-lightbox-title=\"WhatsApp Image 2025-02-06 at 10.01.06\" data-e-action-hash=\"#elementor-action%3Aaction%3Dlightbox%26settings%3DeyJpZCI6NTI5OSwidXJsIjoiaHR0cHM6XC9cL21hbGxlbWIubHZcL3dwLWNvbnRlbnRcL3VwbG9hZHNcLzIwMjVcLzAyXC9XaGF0c0FwcC1JbWFnZS0yMDI1LTAyLTA2LWF0LTEwLjAxLjA2LmpwZWciLCJzbGlkZXNob3ciOiJhbGwtOWNiY2ZiOCJ9\">\n\t\t\t\t\t<div class=\"e-gallery-image elementor-gallery-item__image\" data-thumbnail=\"https:\/\/mallemb.lv\/wp-content\/uploads\/2025\/02\/WhatsApp-Image-2025-02-06-at-10.01.06-225x300.jpeg\" data-width=\"225\" data-height=\"300\" alt=\"\" ><\/div>\n\t\t\t\t\t\t\t\t\t\t\t<div class=\"elementor-gallery-item__overlay\"><\/div>\n\t\t\t\t\t\t\t\t\t\t\t\t\t\t<\/a>\n\t\t\t\t\t\t\t<a class=\"e-gallery-item elementor-gallery-item elementor-animated-content\" href=\"https:\/\/mallemb.lv\/wp-content\/uploads\/2025\/02\/WhatsApp-Image-2025-02-06-at-09.34.38-1.jpeg\" data-elementor-open-lightbox=\"yes\" data-elementor-lightbox-slideshow=\"all-9cbcfb8\" data-elementor-lightbox-title=\"WhatsApp Image 2025-02-06 at 09.34.38 (1)\" data-e-action-hash=\"#elementor-action%3Aaction%3Dlightbox%26settings%3DeyJpZCI6NTE3OSwidXJsIjoiaHR0cHM6XC9cL21hbGxlbWIubHZcL3dwLWNvbnRlbnRcL3VwbG9hZHNcLzIwMjVcLzAyXC9XaGF0c0FwcC1JbWFnZS0yMDI1LTAyLTA2LWF0LTA5LjM0LjM4LTEuanBlZyIsInNsaWRlc2hvdyI6ImFsbC05Y2JjZmI4In0%3D\">\n\t\t\t\t\t<div class=\"e-gallery-image elementor-gallery-item__image\" data-thumbnail=\"https:\/\/mallemb.lv\/wp-content\/uploads\/2025\/02\/WhatsApp-Image-2025-02-06-at-09.34.38-1-300x169.jpeg\" data-width=\"300\" data-height=\"169\" alt=\"\" ><\/div>\n\t\t\t\t\t\t\t\t\t\t\t<div class=\"elementor-gallery-item__overlay\"><\/div>\n\t\t\t\t\t\t\t\t\t\t\t\t\t\t<\/a>\n\t\t\t\t\t\t\t<a class=\"e-gallery-item elementor-gallery-item elementor-animated-content\" href=\"https:\/\/mallemb.lv\/wp-content\/uploads\/2025\/02\/WhatsApp-Image-2025-02-06-at-09.34.38.jpeg\" data-elementor-open-lightbox=\"yes\" data-elementor-lightbox-slideshow=\"all-9cbcfb8\" data-elementor-lightbox-title=\"WhatsApp Image 2025-02-06 at 09.34.38\" data-e-action-hash=\"#elementor-action%3Aaction%3Dlightbox%26settings%3DeyJpZCI6NTE4MCwidXJsIjoiaHR0cHM6XC9cL21hbGxlbWIubHZcL3dwLWNvbnRlbnRcL3VwbG9hZHNcLzIwMjVcLzAyXC9XaGF0c0FwcC1JbWFnZS0yMDI1LTAyLTA2LWF0LTA5LjM0LjM4LmpwZWciLCJzbGlkZXNob3ciOiJhbGwtOWNiY2ZiOCJ9\">\n\t\t\t\t\t<div class=\"e-gallery-image elementor-gallery-item__image\" data-thumbnail=\"https:\/\/mallemb.lv\/wp-content\/uploads\/2025\/02\/WhatsApp-Image-2025-02-06-at-09.34.38-300x169.jpeg\" data-width=\"300\" data-height=\"169\" alt=\"\" ><\/div>\n\t\t\t\t\t\t\t\t\t\t\t<div class=\"elementor-gallery-item__overlay\"><\/div>\n\t\t\t\t\t\t\t\t\t\t\t\t\t\t<\/a>\n\t\t\t\t\t\t\t<a class=\"e-gallery-item elementor-gallery-item elementor-animated-content\" href=\"https:\/\/mallemb.lv\/wp-content\/uploads\/2025\/02\/WhatsApp-Image-2025-02-06-at-09.53.30.jpeg\" data-elementor-open-lightbox=\"yes\" data-elementor-lightbox-slideshow=\"all-9cbcfb8\" data-elementor-lightbox-title=\"WhatsApp Image 2025-02-06 at 09.53.30\" data-e-action-hash=\"#elementor-action%3Aaction%3Dlightbox%26settings%3DeyJpZCI6NTE4MSwidXJsIjoiaHR0cHM6XC9cL21hbGxlbWIubHZcL3dwLWNvbnRlbnRcL3VwbG9hZHNcLzIwMjVcLzAyXC9XaGF0c0FwcC1JbWFnZS0yMDI1LTAyLTA2LWF0LTA5LjUzLjMwLmpwZWciLCJzbGlkZXNob3ciOiJhbGwtOWNiY2ZiOCJ9\">\n\t\t\t\t\t<div class=\"e-gallery-image elementor-gallery-item__image\" data-thumbnail=\"https:\/\/mallemb.lv\/wp-content\/uploads\/2025\/02\/WhatsApp-Image-2025-02-06-at-09.53.30-300x180.jpeg\" data-width=\"300\" data-height=\"180\" alt=\"\" ><\/div>\n\t\t\t\t\t\t\t\t\t\t\t<div class=\"elementor-gallery-item__overlay\"><\/div>\n\t\t\t\t\t\t\t\t\t\t\t\t\t\t<\/a>\n\t\t\t\t\t\t\t<a class=\"e-gallery-item elementor-gallery-item elementor-animated-content\" href=\"https:\/\/mallemb.lv\/wp-content\/uploads\/2025\/02\/WhatsApp-Image-2025-02-06-at-09.55.24.jpeg\" data-elementor-open-lightbox=\"yes\" data-elementor-lightbox-slideshow=\"all-9cbcfb8\" data-elementor-lightbox-title=\"WhatsApp Image 2025-02-06 at 09.55.24\" data-e-action-hash=\"#elementor-action%3Aaction%3Dlightbox%26settings%3DeyJpZCI6NTE4MiwidXJsIjoiaHR0cHM6XC9cL21hbGxlbWIubHZcL3dwLWNvbnRlbnRcL3VwbG9hZHNcLzIwMjVcLzAyXC9XaGF0c0FwcC1JbWFnZS0yMDI1LTAyLTA2LWF0LTA5LjU1LjI0LmpwZWciLCJzbGlkZXNob3ciOiJhbGwtOWNiY2ZiOCJ9\">\n\t\t\t\t\t<div class=\"e-gallery-image elementor-gallery-item__image\" data-thumbnail=\"https:\/\/mallemb.lv\/wp-content\/uploads\/2025\/02\/WhatsApp-Image-2025-02-06-at-09.55.24-300x225.jpeg\" data-width=\"300\" data-height=\"225\" alt=\"\" ><\/div>\n\t\t\t\t\t\t\t\t\t\t\t<div class=\"elementor-gallery-item__overlay\"><\/div>\n\t\t\t\t\t\t\t\t\t\t\t\t\t\t<\/a>\n\t\t\t\t\t\t\t<a class=\"e-gallery-item elementor-gallery-item elementor-animated-content\" href=\"https:\/\/mallemb.lv\/wp-content\/uploads\/2025\/02\/WhatsApp-Image-2025-02-06-at-09.57.20.jpeg\" data-elementor-open-lightbox=\"yes\" data-elementor-lightbox-slideshow=\"all-9cbcfb8\" data-elementor-lightbox-title=\"WhatsApp Image 2025-02-06 at 09.57.20\" data-e-action-hash=\"#elementor-action%3Aaction%3Dlightbox%26settings%3DeyJpZCI6NTE4MywidXJsIjoiaHR0cHM6XC9cL21hbGxlbWIubHZcL3dwLWNvbnRlbnRcL3VwbG9hZHNcLzIwMjVcLzAyXC9XaGF0c0FwcC1JbWFnZS0yMDI1LTAyLTA2LWF0LTA5LjU3LjIwLmpwZWciLCJzbGlkZXNob3ciOiJhbGwtOWNiY2ZiOCJ9\">\n\t\t\t\t\t<div class=\"e-gallery-image elementor-gallery-item__image\" data-thumbnail=\"https:\/\/mallemb.lv\/wp-content\/uploads\/2025\/02\/WhatsApp-Image-2025-02-06-at-09.57.20-300x225.jpeg\" data-width=\"300\" data-height=\"225\" alt=\"\" ><\/div>\n\t\t\t\t\t\t\t\t\t\t\t<div class=\"elementor-gallery-item__overlay\"><\/div>\n\t\t\t\t\t\t\t\t\t\t\t\t\t\t<\/a>\n\t\t\t\t\t\t\t<a class=\"e-gallery-item elementor-gallery-item elementor-animated-content\" href=\"https:\/\/mallemb.lv\/wp-content\/uploads\/2025\/02\/WhatsApp-Image-2025-02-06-at-10.02.22.jpeg\" data-elementor-open-lightbox=\"yes\" data-elementor-lightbox-slideshow=\"all-9cbcfb8\" data-elementor-lightbox-title=\"WhatsApp Image 2025-02-06 at 10.02.22\" data-e-action-hash=\"#elementor-action%3Aaction%3Dlightbox%26settings%3DeyJpZCI6NTE4NCwidXJsIjoiaHR0cHM6XC9cL21hbGxlbWIubHZcL3dwLWNvbnRlbnRcL3VwbG9hZHNcLzIwMjVcLzAyXC9XaGF0c0FwcC1JbWFnZS0yMDI1LTAyLTA2LWF0LTEwLjAyLjIyLmpwZWciLCJzbGlkZXNob3ciOiJhbGwtOWNiY2ZiOCJ9\">\n\t\t\t\t\t<div class=\"e-gallery-image elementor-gallery-item__image\" data-thumbnail=\"https:\/\/mallemb.lv\/wp-content\/uploads\/2025\/02\/WhatsApp-Image-2025-02-06-at-10.02.22-225x300.jpeg\" data-width=\"225\" data-height=\"300\" alt=\"\" ><\/div>\n\t\t\t\t\t\t\t\t\t\t\t<div class=\"elementor-gallery-item__overlay\"><\/div>\n\t\t\t\t\t\t\t\t\t\t\t\t\t\t<\/a>\n\t\t\t\t\t\t\t<a class=\"e-gallery-item elementor-gallery-item elementor-animated-content\" href=\"https:\/\/mallemb.lv\/wp-content\/uploads\/2025\/02\/WhatsApp-Image-2025-02-06-at-10.04.15.jpeg\" data-elementor-open-lightbox=\"yes\" data-elementor-lightbox-slideshow=\"all-9cbcfb8\" data-elementor-lightbox-title=\"WhatsApp Image 2025-02-06 at 10.04.15\" data-e-action-hash=\"#elementor-action%3Aaction%3Dlightbox%26settings%3DeyJpZCI6NTE4NSwidXJsIjoiaHR0cHM6XC9cL21hbGxlbWIubHZcL3dwLWNvbnRlbnRcL3VwbG9hZHNcLzIwMjVcLzAyXC9XaGF0c0FwcC1JbWFnZS0yMDI1LTAyLTA2LWF0LTEwLjA0LjE1LmpwZWciLCJzbGlkZXNob3ciOiJhbGwtOWNiY2ZiOCJ9\">\n\t\t\t\t\t<div class=\"e-gallery-image elementor-gallery-item__image\" data-thumbnail=\"https:\/\/mallemb.lv\/wp-content\/uploads\/2025\/02\/WhatsApp-Image-2025-02-06-at-10.04.15-300x180.jpeg\" data-width=\"300\" data-height=\"180\" alt=\"\" ><\/div>\n\t\t\t\t\t\t\t\t\t\t\t<div class=\"elementor-gallery-item__overlay\"><\/div>\n\t\t\t\t\t\t\t\t\t\t\t\t\t\t<\/a>\n\t\t\t\t\t\t\t<a class=\"e-gallery-item elementor-gallery-item elementor-animated-content\" href=\"https:\/\/mallemb.lv\/wp-content\/uploads\/2025\/02\/WhatsApp-Image-2025-02-05-at-13.03.40.jpeg\" data-elementor-open-lightbox=\"yes\" data-elementor-lightbox-slideshow=\"all-9cbcfb8\" data-elementor-lightbox-title=\"WhatsApp Image 2025-02-05 at 13.03.40\" data-e-action-hash=\"#elementor-action%3Aaction%3Dlightbox%26settings%3DeyJpZCI6NTEzNCwidXJsIjoiaHR0cHM6XC9cL21hbGxlbWIubHZcL3dwLWNvbnRlbnRcL3VwbG9hZHNcLzIwMjVcLzAyXC9XaGF0c0FwcC1JbWFnZS0yMDI1LTAyLTA1LWF0LTEzLjAzLjQwLmpwZWciLCJzbGlkZXNob3ciOiJhbGwtOWNiY2ZiOCJ9\">\n\t\t\t\t\t<div class=\"e-gallery-image elementor-gallery-item__image\" data-thumbnail=\"https:\/\/mallemb.lv\/wp-content\/uploads\/2025\/02\/WhatsApp-Image-2025-02-05-at-13.03.40-300x169.jpeg\" data-width=\"300\" data-height=\"169\" alt=\"\" ><\/div>\n\t\t\t\t\t\t\t\t\t\t\t<div class=\"elementor-gallery-item__overlay\"><\/div>\n\t\t\t\t\t\t\t\t\t\t\t\t\t\t<\/a>\n\t\t\t\t\t\t\t<a class=\"e-gallery-item elementor-gallery-item elementor-animated-content\" href=\"https:\/\/mallemb.lv\/wp-content\/uploads\/2025\/05\/WhatsApp-Image-2025-05-13-at-13.06.18.jpeg\" data-elementor-open-lightbox=\"yes\" data-elementor-lightbox-slideshow=\"all-9cbcfb8\" data-elementor-lightbox-title=\"WhatsApp Image 2025-05-13 at 13.06.18\" data-e-action-hash=\"#elementor-action%3Aaction%3Dlightbox%26settings%3DeyJpZCI6NTUyNCwidXJsIjoiaHR0cHM6XC9cL21hbGxlbWIubHZcL3dwLWNvbnRlbnRcL3VwbG9hZHNcLzIwMjVcLzA1XC9XaGF0c0FwcC1JbWFnZS0yMDI1LTA1LTEzLWF0LTEzLjA2LjE4LmpwZWciLCJzbGlkZXNob3ciOiJhbGwtOWNiY2ZiOCJ9\">\n\t\t\t\t\t<div class=\"e-gallery-image elementor-gallery-item__image\" data-thumbnail=\"https:\/\/mallemb.lv\/wp-content\/uploads\/2025\/05\/WhatsApp-Image-2025-05-13-at-13.06.18-225x300.jpeg\" data-width=\"225\" data-height=\"300\" alt=\"\" ><\/div>\n\t\t\t\t\t\t\t\t\t\t\t<div class=\"elementor-gallery-item__overlay\"><\/div>\n\t\t\t\t\t\t\t\t\t\t\t\t\t\t<\/a>\n\t\t\t\t\t\t\t<a class=\"e-gallery-item elementor-gallery-item elementor-animated-content\" href=\"https:\/\/mallemb.lv\/wp-content\/uploads\/2025\/05\/WhatsApp-Image-2025-05-13-at-13.06.18-1.jpeg\" data-elementor-open-lightbox=\"yes\" data-elementor-lightbox-slideshow=\"all-9cbcfb8\" data-elementor-lightbox-title=\"WhatsApp Image 2025-05-13 at 13.06.18 (1)\" data-e-action-hash=\"#elementor-action%3Aaction%3Dlightbox%26settings%3DeyJpZCI6NTUyNSwidXJsIjoiaHR0cHM6XC9cL21hbGxlbWIubHZcL3dwLWNvbnRlbnRcL3VwbG9hZHNcLzIwMjVcLzA1XC9XaGF0c0FwcC1JbWFnZS0yMDI1LTA1LTEzLWF0LTEzLjA2LjE4LTEuanBlZyIsInNsaWRlc2hvdyI6ImFsbC05Y2JjZmI4In0%3D\">\n\t\t\t\t\t<div class=\"e-gallery-image elementor-gallery-item__image\" data-thumbnail=\"https:\/\/mallemb.lv\/wp-content\/uploads\/2025\/05\/WhatsApp-Image-2025-05-13-at-13.06.18-1-225x300.jpeg\" data-width=\"225\" data-height=\"300\" alt=\"\" ><\/div>\n\t\t\t\t\t\t\t\t\t\t\t<div class=\"elementor-gallery-item__overlay\"><\/div>\n\t\t\t\t\t\t\t\t\t\t\t\t\t\t<\/a>\n\t\t\t\t\t\t\t<a class=\"e-gallery-item elementor-gallery-item elementor-animated-content\" href=\"https:\/\/mallemb.lv\/wp-content\/uploads\/2025\/05\/WhatsApp-Image-2025-05-13-at-13.06.18-2.jpeg\" data-elementor-open-lightbox=\"yes\" data-elementor-lightbox-slideshow=\"all-9cbcfb8\" data-elementor-lightbox-title=\"WhatsApp Image 2025-05-13 at 13.06.18 (2)\" data-e-action-hash=\"#elementor-action%3Aaction%3Dlightbox%26settings%3DeyJpZCI6NTUyNiwidXJsIjoiaHR0cHM6XC9cL21hbGxlbWIubHZcL3dwLWNvbnRlbnRcL3VwbG9hZHNcLzIwMjVcLzA1XC9XaGF0c0FwcC1JbWFnZS0yMDI1LTA1LTEzLWF0LTEzLjA2LjE4LTIuanBlZyIsInNsaWRlc2hvdyI6ImFsbC05Y2JjZmI4In0%3D\">\n\t\t\t\t\t<div class=\"e-gallery-image elementor-gallery-item__image\" data-thumbnail=\"https:\/\/mallemb.lv\/wp-content\/uploads\/2025\/05\/WhatsApp-Image-2025-05-13-at-13.06.18-2-225x300.jpeg\" data-width=\"225\" data-height=\"300\" alt=\"\" ><\/div>\n\t\t\t\t\t\t\t\t\t\t\t<div class=\"elementor-gallery-item__overlay\"><\/div>\n\t\t\t\t\t\t\t\t\t\t\t\t\t\t<\/a>\n\t\t\t\t\t\t\t<a class=\"e-gallery-item elementor-gallery-item elementor-animated-content\" href=\"https:\/\/mallemb.lv\/wp-content\/uploads\/2025\/05\/WhatsApp-Image-2025-05-13-at-13.39.55.jpeg\" data-elementor-open-lightbox=\"yes\" data-elementor-lightbox-slideshow=\"all-9cbcfb8\" data-elementor-lightbox-title=\"WhatsApp Image 2025-05-13 at 13.39.55\" data-e-action-hash=\"#elementor-action%3Aaction%3Dlightbox%26settings%3DeyJpZCI6NTUyOCwidXJsIjoiaHR0cHM6XC9cL21hbGxlbWIubHZcL3dwLWNvbnRlbnRcL3VwbG9hZHNcLzIwMjVcLzA1XC9XaGF0c0FwcC1JbWFnZS0yMDI1LTA1LTEzLWF0LTEzLjM5LjU1LmpwZWciLCJzbGlkZXNob3ciOiJhbGwtOWNiY2ZiOCJ9\">\n\t\t\t\t\t<div class=\"e-gallery-image elementor-gallery-item__image\" data-thumbnail=\"https:\/\/mallemb.lv\/wp-content\/uploads\/2025\/05\/WhatsApp-Image-2025-05-13-at-13.39.55-225x300.jpeg\" data-width=\"225\" data-height=\"300\" alt=\"\" ><\/div>\n\t\t\t\t\t\t\t\t\t\t\t<div class=\"elementor-gallery-item__overlay\"><\/div>\n\t\t\t\t\t\t\t\t\t\t\t\t\t\t<\/a>\n\t\t\t\t\t\t\t<a class=\"e-gallery-item elementor-gallery-item elementor-animated-content\" href=\"https:\/\/mallemb.lv\/wp-content\/uploads\/2025\/05\/WhatsApp-Image-2025-05-13-at-13.39.55-1.jpeg\" data-elementor-open-lightbox=\"yes\" data-elementor-lightbox-slideshow=\"all-9cbcfb8\" data-elementor-lightbox-title=\"WhatsApp Image 2025-05-13 at 13.39.55 (1)\" data-e-action-hash=\"#elementor-action%3Aaction%3Dlightbox%26settings%3DeyJpZCI6NTUyOSwidXJsIjoiaHR0cHM6XC9cL21hbGxlbWIubHZcL3dwLWNvbnRlbnRcL3VwbG9hZHNcLzIwMjVcLzA1XC9XaGF0c0FwcC1JbWFnZS0yMDI1LTA1LTEzLWF0LTEzLjM5LjU1LTEuanBlZyIsInNsaWRlc2hvdyI6ImFsbC05Y2JjZmI4In0%3D\">\n\t\t\t\t\t<div class=\"e-gallery-image elementor-gallery-item__image\" data-thumbnail=\"https:\/\/mallemb.lv\/wp-content\/uploads\/2025\/05\/WhatsApp-Image-2025-05-13-at-13.39.55-1-225x300.jpeg\" data-width=\"225\" data-height=\"300\" alt=\"\" ><\/div>\n\t\t\t\t\t\t\t\t\t\t\t<div class=\"elementor-gallery-item__overlay\"><\/div>\n\t\t\t\t\t\t\t\t\t\t\t\t\t\t<\/a>\n\t\t\t\t\t\t\t<a class=\"e-gallery-item elementor-gallery-item elementor-animated-content\" href=\"https:\/\/mallemb.lv\/wp-content\/uploads\/2025\/05\/WhatsApp-Image-2025-05-13-at-13.42.04.jpeg\" data-elementor-open-lightbox=\"yes\" data-elementor-lightbox-slideshow=\"all-9cbcfb8\" data-elementor-lightbox-title=\"WhatsApp Image 2025-05-13 at 13.42.04\" data-e-action-hash=\"#elementor-action%3Aaction%3Dlightbox%26settings%3DeyJpZCI6NTUzMCwidXJsIjoiaHR0cHM6XC9cL21hbGxlbWIubHZcL3dwLWNvbnRlbnRcL3VwbG9hZHNcLzIwMjVcLzA1XC9XaGF0c0FwcC1JbWFnZS0yMDI1LTA1LTEzLWF0LTEzLjQyLjA0LmpwZWciLCJzbGlkZXNob3ciOiJhbGwtOWNiY2ZiOCJ9\">\n\t\t\t\t\t<div class=\"e-gallery-image elementor-gallery-item__image\" data-thumbnail=\"https:\/\/mallemb.lv\/wp-content\/uploads\/2025\/05\/WhatsApp-Image-2025-05-13-at-13.42.04-225x300.jpeg\" data-width=\"225\" data-height=\"300\" alt=\"\" ><\/div>\n\t\t\t\t\t\t\t\t\t\t\t<div class=\"elementor-gallery-item__overlay\"><\/div>\n\t\t\t\t\t\t\t\t\t\t\t\t\t\t<\/a>\n\t\t\t\t\t\t\t<a class=\"e-gallery-item elementor-gallery-item elementor-animated-content\" href=\"https:\/\/mallemb.lv\/wp-content\/uploads\/2025\/05\/WhatsApp-Image-2025-05-13-at-13.42.04-1.jpeg\" data-elementor-open-lightbox=\"yes\" data-elementor-lightbox-slideshow=\"all-9cbcfb8\" data-elementor-lightbox-title=\"WhatsApp Image 2025-05-13 at 13.42.04 (1)\" data-e-action-hash=\"#elementor-action%3Aaction%3Dlightbox%26settings%3DeyJpZCI6NTUzMSwidXJsIjoiaHR0cHM6XC9cL21hbGxlbWIubHZcL3dwLWNvbnRlbnRcL3VwbG9hZHNcLzIwMjVcLzA1XC9XaGF0c0FwcC1JbWFnZS0yMDI1LTA1LTEzLWF0LTEzLjQyLjA0LTEuanBlZyIsInNsaWRlc2hvdyI6ImFsbC05Y2JjZmI4In0%3D\">\n\t\t\t\t\t<div class=\"e-gallery-image elementor-gallery-item__image\" data-thumbnail=\"https:\/\/mallemb.lv\/wp-content\/uploads\/2025\/05\/WhatsApp-Image-2025-05-13-at-13.42.04-1-225x300.jpeg\" data-width=\"225\" data-height=\"300\" alt=\"\" ><\/div>\n\t\t\t\t\t\t\t\t\t\t\t<div class=\"elementor-gallery-item__overlay\"><\/div>\n\t\t\t\t\t\t\t\t\t\t\t\t\t\t<\/a>\n\t\t\t\t\t\t\t<a class=\"e-gallery-item elementor-gallery-item elementor-animated-content\" href=\"https:\/\/mallemb.lv\/wp-content\/uploads\/2025\/05\/WhatsApp-Image-2025-05-13-at-13.42.03.jpeg\" data-elementor-open-lightbox=\"yes\" data-elementor-lightbox-slideshow=\"all-9cbcfb8\" data-elementor-lightbox-title=\"WhatsApp Image 2025-05-13 at 13.42.03\" data-e-action-hash=\"#elementor-action%3Aaction%3Dlightbox%26settings%3DeyJpZCI6NTUzMiwidXJsIjoiaHR0cHM6XC9cL21hbGxlbWIubHZcL3dwLWNvbnRlbnRcL3VwbG9hZHNcLzIwMjVcLzA1XC9XaGF0c0FwcC1JbWFnZS0yMDI1LTA1LTEzLWF0LTEzLjQyLjAzLmpwZWciLCJzbGlkZXNob3ciOiJhbGwtOWNiY2ZiOCJ9\">\n\t\t\t\t\t<div class=\"e-gallery-image elementor-gallery-item__image\" data-thumbnail=\"https:\/\/mallemb.lv\/wp-content\/uploads\/2025\/05\/WhatsApp-Image-2025-05-13-at-13.42.03-225x300.jpeg\" data-width=\"225\" data-height=\"300\" alt=\"\" ><\/div>\n\t\t\t\t\t\t\t\t\t\t\t<div class=\"elementor-gallery-item__overlay\"><\/div>\n\t\t\t\t\t\t\t\t\t\t\t\t\t\t<\/a>\n\t\t\t\t\t\t\t<a class=\"e-gallery-item elementor-gallery-item elementor-animated-content\" href=\"https:\/\/mallemb.lv\/wp-content\/uploads\/2025\/05\/WhatsApp-Image-2025-05-13-at-13.42.03-1.jpeg\" data-elementor-open-lightbox=\"yes\" data-elementor-lightbox-slideshow=\"all-9cbcfb8\" data-elementor-lightbox-title=\"WhatsApp Image 2025-05-13 at 13.42.03 (1)\" data-e-action-hash=\"#elementor-action%3Aaction%3Dlightbox%26settings%3DeyJpZCI6NTUzMywidXJsIjoiaHR0cHM6XC9cL21hbGxlbWIubHZcL3dwLWNvbnRlbnRcL3VwbG9hZHNcLzIwMjVcLzA1XC9XaGF0c0FwcC1JbWFnZS0yMDI1LTA1LTEzLWF0LTEzLjQyLjAzLTEuanBlZyIsInNsaWRlc2hvdyI6ImFsbC05Y2JjZmI4In0%3D\">\n\t\t\t\t\t<div class=\"e-gallery-image elementor-gallery-item__image\" data-thumbnail=\"https:\/\/mallemb.lv\/wp-content\/uploads\/2025\/05\/WhatsApp-Image-2025-05-13-at-13.42.03-1-225x300.jpeg\" data-width=\"225\" data-height=\"300\" alt=\"\" ><\/div>\n\t\t\t\t\t\t\t\t\t\t\t<div class=\"elementor-gallery-item__overlay\"><\/div>\n\t\t\t\t\t\t\t\t\t\t\t\t\t\t<\/a>\n\t\t\t\t\t\t\t<a class=\"e-gallery-item elementor-gallery-item elementor-animated-content\" href=\"https:\/\/mallemb.lv\/wp-content\/uploads\/2025\/05\/WhatsApp-Image-2025-05-13-at-13.42.03-2.jpeg\" data-elementor-open-lightbox=\"yes\" data-elementor-lightbox-slideshow=\"all-9cbcfb8\" data-elementor-lightbox-title=\"WhatsApp Image 2025-05-13 at 13.42.03 (2)\" data-e-action-hash=\"#elementor-action%3Aaction%3Dlightbox%26settings%3DeyJpZCI6NTUzNCwidXJsIjoiaHR0cHM6XC9cL21hbGxlbWIubHZcL3dwLWNvbnRlbnRcL3VwbG9hZHNcLzIwMjVcLzA1XC9XaGF0c0FwcC1JbWFnZS0yMDI1LTA1LTEzLWF0LTEzLjQyLjAzLTIuanBlZyIsInNsaWRlc2hvdyI6ImFsbC05Y2JjZmI4In0%3D\">\n\t\t\t\t\t<div class=\"e-gallery-image elementor-gallery-item__image\" data-thumbnail=\"https:\/\/mallemb.lv\/wp-content\/uploads\/2025\/05\/WhatsApp-Image-2025-05-13-at-13.42.03-2-225x300.jpeg\" data-width=\"225\" data-height=\"300\" alt=\"\" ><\/div>\n\t\t\t\t\t\t\t\t\t\t\t<div class=\"elementor-gallery-item__overlay\"><\/div>\n\t\t\t\t\t\t\t\t\t\t\t\t\t\t<\/a>\n\t\t\t\t\t<\/div>\n\t\t\t\t\t<\/div>\n\t\t\t\t<\/div>\n\t\t\t\t<\/div>\n\t\t\t\t\t<\/div>\n\t\t\t\t<\/div>\n\t\t\t\t<\/div>\n\t\t","protected":false},"excerpt":{"rendered":"<p>B\u016bvniecibas darbi: Pied\u0101v\u0101jam visa veida projekt\u0113t\u0101ju pakalpojums&#8211; Dokoment\u0101cijas sak\u0101rto\u0161ana, saska\u0146o\u0161ana BIS &#8211; M\u0113rnieka pakalpojumi&#8211; \u2060\u0112kas pamatu izb\u016bve&#8211; \u2060\u016aKT piesl\u0113g\u0161ana&#8211; \u2060Karkasa B\u016bvniec\u012bba&#8211; \u2060M\u016brnieka pakalpojumi &#8211; \u2060Jumta izb\u016bve&#8211; \u2060Bru\u0123\u0113\u0161anas darbi&#8211; \u2060Apza\u013cumo\u0161ana, labiek\u0101rto\u0161ana&#8211; \u2060\u017doga uzst\u0101d\u012b\u0161ana, izgatavoana&#8211; \u2060 Video nov\u0113ro\u0161anas uzst\u0101d\u012b\u0161ana&#8211; \u2060Apsardze<\/p>\n","protected":false},"author":1,"featured_media":0,"parent":0,"menu_order":0,"comment_status":"closed","ping_status":"closed","template":"","meta":{"footnotes":""},"class_list":["post-4209","page","type-page","status-publish","hentry"],"_links":{"self":[{"href":"https:\/\/mallemb.lv\/lv\/wp-json\/wp\/v2\/pages\/4209","targetHints":{"allow":["GET"]}}],"collection":[{"href":"https:\/\/mallemb.lv\/lv\/wp-json\/wp\/v2\/pages"}],"about":[{"href":"https:\/\/mallemb.lv\/lv\/wp-json\/wp\/v2\/types\/page"}],"author":[{"embeddable":true,"href":"https:\/\/mallemb.lv\/lv\/wp-json\/wp\/v2\/users\/1"}],"replies":[{"embeddable":true,"href":"https:\/\/mallemb.lv\/lv\/wp-json\/wp\/v2\/comments?post=4209"}],"version-history":[{"count":16,"href":"https:\/\/mallemb.lv\/lv\/wp-json\/wp\/v2\/pages\/4209\/revisions"}],"predecessor-version":[{"id":5537,"href":"https:\/\/mallemb.lv\/lv\/wp-json\/wp\/v2\/pages\/4209\/revisions\/5537"}],"wp:attachment":[{"href":"https:\/\/mallemb.lv\/lv\/wp-json\/wp\/v2\/media?parent=4209"}],"curies":[{"name":"wp","href":"https:\/\/api.w.org\/{rel}","templated":true}]}}