{"id":4144,"date":"2024-01-24T11:44:58","date_gmt":"2024-01-24T09:44:58","guid":{"rendered":"https:\/\/bitserviss.lv\/?page_id=4144"},"modified":"2025-05-14T17:19:23","modified_gmt":"2025-05-14T14:19:23","slug":"mallemb-citi-darbi","status":"publish","type":"page","link":"https:\/\/mallemb.lv\/lv\/mallemb-citi-darbi\/","title":{"rendered":"Citi darbi"},"content":{"rendered":"\t\t<div data-elementor-type=\"wp-page\" data-elementor-id=\"4144\" class=\"elementor elementor-4144\">\n\t\t\t\t\t\t<section class=\"elementor-section elementor-top-section elementor-element elementor-element-fb304da elementor-section-stretched elementor-section-boxed elementor-section-height-default elementor-section-height-default\" data-id=\"fb304da\" data-element_type=\"section\" data-settings=\"{&quot;stretch_section&quot;:&quot;section-stretched&quot;}\">\n\t\t\t\t\t\t<div class=\"elementor-container elementor-column-gap-extended\">\n\t\t\t\t\t<div class=\"elementor-column elementor-col-100 elementor-top-column elementor-element elementor-element-4729218\" data-id=\"4729218\" data-element_type=\"column\">\n\t\t\t<div class=\"elementor-widget-wrap\">\n\t\t\t\t\t\t\t<\/div>\n\t\t<\/div>\n\t\t\t\t\t<\/div>\n\t\t<\/section>\n\t\t<div class=\"elementor-element elementor-element-496b91d6 e-flex e-con-boxed e-con e-parent\" data-id=\"496b91d6\" data-element_type=\"container\">\n\t\t\t\t\t<div class=\"e-con-inner\">\n\t\t<div class=\"elementor-element elementor-element-59c007ae e-con-full e-flex e-con e-child\" data-id=\"59c007ae\" data-element_type=\"container\">\n\t\t\t\t<div class=\"elementor-element elementor-element-6dc6ce06 elementor-widget elementor-widget-text-editor\" data-id=\"6dc6ce06\" data-element_type=\"widget\" data-widget_type=\"text-editor.default\">\n\t\t\t\t<div class=\"elementor-widget-container\">\n\t\t\t\t\t\t\t\t\t<p>Citi darbi:<\/p><p>Pied\u0101v\u0101jam da\u017e\u0101da veida citus darbus, k\u0101 piem\u0113ram labiek\u0101rto\u0161ana, apza\u013cumo\u0161ana, dekorat\u012bvo elementu izstr\u0101de u.c<br \/><br \/><\/p>\t\t\t\t\t\t\t\t<\/div>\n\t\t\t\t<\/div>\n\t\t\t\t<\/div>\n\t\t<div class=\"elementor-element elementor-element-4a1eeb69 e-con-full e-flex e-con e-child\" data-id=\"4a1eeb69\" data-element_type=\"container\">\n\t\t\t\t<div class=\"elementor-element elementor-element-2e5fb4cb elementor-widget elementor-widget-gallery\" data-id=\"2e5fb4cb\" data-element_type=\"widget\" data-settings=\"{&quot;gallery_layout&quot;:&quot;justified&quot;,&quot;lazyload&quot;:&quot;yes&quot;,&quot;ideal_row_height&quot;:{&quot;unit&quot;:&quot;px&quot;,&quot;size&quot;:200,&quot;sizes&quot;:[]},&quot;ideal_row_height_tablet&quot;:{&quot;unit&quot;:&quot;px&quot;,&quot;size&quot;:150,&quot;sizes&quot;:[]},&quot;ideal_row_height_mobile&quot;:{&quot;unit&quot;:&quot;px&quot;,&quot;size&quot;:150,&quot;sizes&quot;:[]},&quot;gap&quot;:{&quot;unit&quot;:&quot;px&quot;,&quot;size&quot;:10,&quot;sizes&quot;:[]},&quot;gap_tablet&quot;:{&quot;unit&quot;:&quot;px&quot;,&quot;size&quot;:10,&quot;sizes&quot;:[]},&quot;gap_mobile&quot;:{&quot;unit&quot;:&quot;px&quot;,&quot;size&quot;:10,&quot;sizes&quot;:[]},&quot;link_to&quot;:&quot;file&quot;,&quot;overlay_background&quot;:&quot;yes&quot;,&quot;content_hover_animation&quot;:&quot;fade-in&quot;}\" data-widget_type=\"gallery.default\">\n\t\t\t\t<div class=\"elementor-widget-container\">\n\t\t\t\t\t\t\t<div class=\"elementor-gallery__container\">\n\t\t\t\t\t\t\t<a class=\"e-gallery-item elementor-gallery-item elementor-animated-content\" href=\"https:\/\/mallemb.lv\/wp-content\/uploads\/2025\/05\/WhatsApp-Image-2025-05-14-at-06.24.03.jpeg\" data-elementor-open-lightbox=\"yes\" data-elementor-lightbox-slideshow=\"all-2e5fb4cb\" data-elementor-lightbox-title=\"WhatsApp Image 2025-05-14 at 06.24.03\" data-e-action-hash=\"#elementor-action%3Aaction%3Dlightbox%26settings%3DeyJpZCI6NTU2NCwidXJsIjoiaHR0cHM6XC9cL21hbGxlbWIubHZcL3dwLWNvbnRlbnRcL3VwbG9hZHNcLzIwMjVcLzA1XC9XaGF0c0FwcC1JbWFnZS0yMDI1LTA1LTE0LWF0LTA2LjI0LjAzLmpwZWciLCJzbGlkZXNob3ciOiJhbGwtMmU1ZmI0Y2IifQ%3D%3D\">\n\t\t\t\t\t<div class=\"e-gallery-image elementor-gallery-item__image\" data-thumbnail=\"https:\/\/mallemb.lv\/wp-content\/uploads\/2025\/05\/WhatsApp-Image-2025-05-14-at-06.24.03-169x300.jpeg\" data-width=\"169\" data-height=\"300\" alt=\"\" ><\/div>\n\t\t\t\t\t\t\t\t\t\t\t<div class=\"elementor-gallery-item__overlay\"><\/div>\n\t\t\t\t\t\t\t\t\t\t\t\t\t\t<\/a>\n\t\t\t\t\t\t\t<a class=\"e-gallery-item elementor-gallery-item elementor-animated-content\" href=\"https:\/\/mallemb.lv\/wp-content\/uploads\/2025\/05\/WhatsApp-Image-2025-05-14-at-06.24.04.jpeg\" data-elementor-open-lightbox=\"yes\" data-elementor-lightbox-slideshow=\"all-2e5fb4cb\" data-elementor-lightbox-title=\"WhatsApp Image 2025-05-14 at 06.24.04\" data-e-action-hash=\"#elementor-action%3Aaction%3Dlightbox%26settings%3DeyJpZCI6NTU2NSwidXJsIjoiaHR0cHM6XC9cL21hbGxlbWIubHZcL3dwLWNvbnRlbnRcL3VwbG9hZHNcLzIwMjVcLzA1XC9XaGF0c0FwcC1JbWFnZS0yMDI1LTA1LTE0LWF0LTA2LjI0LjA0LmpwZWciLCJzbGlkZXNob3ciOiJhbGwtMmU1ZmI0Y2IifQ%3D%3D\">\n\t\t\t\t\t<div class=\"e-gallery-image elementor-gallery-item__image\" data-thumbnail=\"https:\/\/mallemb.lv\/wp-content\/uploads\/2025\/05\/WhatsApp-Image-2025-05-14-at-06.24.04-169x300.jpeg\" data-width=\"169\" data-height=\"300\" alt=\"\" ><\/div>\n\t\t\t\t\t\t\t\t\t\t\t<div class=\"elementor-gallery-item__overlay\"><\/div>\n\t\t\t\t\t\t\t\t\t\t\t\t\t\t<\/a>\n\t\t\t\t\t\t\t<a class=\"e-gallery-item elementor-gallery-item elementor-animated-content\" href=\"https:\/\/mallemb.lv\/wp-content\/uploads\/2025\/05\/WhatsApp-Image-2025-05-14-at-06.17.41.jpeg\" data-elementor-open-lightbox=\"yes\" data-elementor-lightbox-slideshow=\"all-2e5fb4cb\" data-elementor-lightbox-title=\"WhatsApp Image 2025-05-14 at 06.17.41\" data-e-action-hash=\"#elementor-action%3Aaction%3Dlightbox%26settings%3DeyJpZCI6NTU1OCwidXJsIjoiaHR0cHM6XC9cL21hbGxlbWIubHZcL3dwLWNvbnRlbnRcL3VwbG9hZHNcLzIwMjVcLzA1XC9XaGF0c0FwcC1JbWFnZS0yMDI1LTA1LTE0LWF0LTA2LjE3LjQxLmpwZWciLCJzbGlkZXNob3ciOiJhbGwtMmU1ZmI0Y2IifQ%3D%3D\">\n\t\t\t\t\t<div class=\"e-gallery-image elementor-gallery-item__image\" data-thumbnail=\"https:\/\/mallemb.lv\/wp-content\/uploads\/2025\/05\/WhatsApp-Image-2025-05-14-at-06.17.41-225x300.jpeg\" data-width=\"225\" data-height=\"300\" alt=\"\" ><\/div>\n\t\t\t\t\t\t\t\t\t\t\t<div class=\"elementor-gallery-item__overlay\"><\/div>\n\t\t\t\t\t\t\t\t\t\t\t\t\t\t<\/a>\n\t\t\t\t\t\t\t<a class=\"e-gallery-item elementor-gallery-item elementor-animated-content\" href=\"https:\/\/mallemb.lv\/wp-content\/uploads\/2025\/05\/WhatsApp-Image-2025-05-14-at-06.24.04-1.jpeg\" data-elementor-open-lightbox=\"yes\" data-elementor-lightbox-slideshow=\"all-2e5fb4cb\" data-elementor-lightbox-title=\"WhatsApp Image 2025-05-14 at 06.24.04 (1)\" data-e-action-hash=\"#elementor-action%3Aaction%3Dlightbox%26settings%3DeyJpZCI6NTU2NiwidXJsIjoiaHR0cHM6XC9cL21hbGxlbWIubHZcL3dwLWNvbnRlbnRcL3VwbG9hZHNcLzIwMjVcLzA1XC9XaGF0c0FwcC1JbWFnZS0yMDI1LTA1LTE0LWF0LTA2LjI0LjA0LTEuanBlZyIsInNsaWRlc2hvdyI6ImFsbC0yZTVmYjRjYiJ9\">\n\t\t\t\t\t<div class=\"e-gallery-image elementor-gallery-item__image\" data-thumbnail=\"https:\/\/mallemb.lv\/wp-content\/uploads\/2025\/05\/WhatsApp-Image-2025-05-14-at-06.24.04-1-138x300.jpeg\" data-width=\"138\" data-height=\"300\" alt=\"\" ><\/div>\n\t\t\t\t\t\t\t\t\t\t\t<div class=\"elementor-gallery-item__overlay\"><\/div>\n\t\t\t\t\t\t\t\t\t\t\t\t\t\t<\/a>\n\t\t\t\t\t\t\t<a class=\"e-gallery-item elementor-gallery-item elementor-animated-content\" href=\"https:\/\/mallemb.lv\/wp-content\/uploads\/2025\/05\/WhatsApp-Image-2025-05-14-at-06.17.41-2.jpeg\" data-elementor-open-lightbox=\"yes\" data-elementor-lightbox-slideshow=\"all-2e5fb4cb\" data-elementor-lightbox-title=\"WhatsApp Image 2025-05-14 at 06.17.41 (2)\" data-e-action-hash=\"#elementor-action%3Aaction%3Dlightbox%26settings%3DeyJpZCI6NTU2MCwidXJsIjoiaHR0cHM6XC9cL21hbGxlbWIubHZcL3dwLWNvbnRlbnRcL3VwbG9hZHNcLzIwMjVcLzA1XC9XaGF0c0FwcC1JbWFnZS0yMDI1LTA1LTE0LWF0LTA2LjE3LjQxLTIuanBlZyIsInNsaWRlc2hvdyI6ImFsbC0yZTVmYjRjYiJ9\">\n\t\t\t\t\t<div class=\"e-gallery-image elementor-gallery-item__image\" data-thumbnail=\"https:\/\/mallemb.lv\/wp-content\/uploads\/2025\/05\/WhatsApp-Image-2025-05-14-at-06.17.41-2-225x300.jpeg\" data-width=\"225\" data-height=\"300\" alt=\"\" ><\/div>\n\t\t\t\t\t\t\t\t\t\t\t<div class=\"elementor-gallery-item__overlay\"><\/div>\n\t\t\t\t\t\t\t\t\t\t\t\t\t\t<\/a>\n\t\t\t\t\t\t\t<a class=\"e-gallery-item elementor-gallery-item elementor-animated-content\" href=\"https:\/\/mallemb.lv\/wp-content\/uploads\/2025\/05\/WhatsApp-Image-2025-05-13-at-12.33.04.jpeg\" data-elementor-open-lightbox=\"yes\" data-elementor-lightbox-slideshow=\"all-2e5fb4cb\" data-elementor-lightbox-title=\"WhatsApp Image 2025-05-13 at 12.33.04\" data-e-action-hash=\"#elementor-action%3Aaction%3Dlightbox%26settings%3DeyJpZCI6NTUxNiwidXJsIjoiaHR0cHM6XC9cL21hbGxlbWIubHZcL3dwLWNvbnRlbnRcL3VwbG9hZHNcLzIwMjVcLzA1XC9XaGF0c0FwcC1JbWFnZS0yMDI1LTA1LTEzLWF0LTEyLjMzLjA0LmpwZWciLCJzbGlkZXNob3ciOiJhbGwtMmU1ZmI0Y2IifQ%3D%3D\">\n\t\t\t\t\t<div class=\"e-gallery-image elementor-gallery-item__image\" data-thumbnail=\"https:\/\/mallemb.lv\/wp-content\/uploads\/2025\/05\/WhatsApp-Image-2025-05-13-at-12.33.04-225x300.jpeg\" data-width=\"225\" data-height=\"300\" alt=\"\" ><\/div>\n\t\t\t\t\t\t\t\t\t\t\t<div class=\"elementor-gallery-item__overlay\"><\/div>\n\t\t\t\t\t\t\t\t\t\t\t\t\t\t<\/a>\n\t\t\t\t\t\t\t<a class=\"e-gallery-item elementor-gallery-item elementor-animated-content\" href=\"https:\/\/mallemb.lv\/wp-content\/uploads\/2025\/05\/WhatsApp-Image-2025-05-13-at-12.33.04-1.jpeg\" data-elementor-open-lightbox=\"yes\" data-elementor-lightbox-slideshow=\"all-2e5fb4cb\" data-elementor-lightbox-title=\"WhatsApp Image 2025-05-13 at 12.33.04 (1)\" data-e-action-hash=\"#elementor-action%3Aaction%3Dlightbox%26settings%3DeyJpZCI6NTUxNywidXJsIjoiaHR0cHM6XC9cL21hbGxlbWIubHZcL3dwLWNvbnRlbnRcL3VwbG9hZHNcLzIwMjVcLzA1XC9XaGF0c0FwcC1JbWFnZS0yMDI1LTA1LTEzLWF0LTEyLjMzLjA0LTEuanBlZyIsInNsaWRlc2hvdyI6ImFsbC0yZTVmYjRjYiJ9\">\n\t\t\t\t\t<div class=\"e-gallery-image elementor-gallery-item__image\" data-thumbnail=\"https:\/\/mallemb.lv\/wp-content\/uploads\/2025\/05\/WhatsApp-Image-2025-05-13-at-12.33.04-1-225x300.jpeg\" data-width=\"225\" data-height=\"300\" alt=\"\" ><\/div>\n\t\t\t\t\t\t\t\t\t\t\t<div class=\"elementor-gallery-item__overlay\"><\/div>\n\t\t\t\t\t\t\t\t\t\t\t\t\t\t<\/a>\n\t\t\t\t\t\t\t<a class=\"e-gallery-item elementor-gallery-item elementor-animated-content\" href=\"https:\/\/mallemb.lv\/wp-content\/uploads\/2025\/05\/WhatsApp-Image-2025-05-13-at-12.33.04-2.jpeg\" data-elementor-open-lightbox=\"yes\" data-elementor-lightbox-slideshow=\"all-2e5fb4cb\" data-elementor-lightbox-title=\"WhatsApp Image 2025-05-13 at 12.33.04 (2)\" data-e-action-hash=\"#elementor-action%3Aaction%3Dlightbox%26settings%3DeyJpZCI6NTUxOCwidXJsIjoiaHR0cHM6XC9cL21hbGxlbWIubHZcL3dwLWNvbnRlbnRcL3VwbG9hZHNcLzIwMjVcLzA1XC9XaGF0c0FwcC1JbWFnZS0yMDI1LTA1LTEzLWF0LTEyLjMzLjA0LTIuanBlZyIsInNsaWRlc2hvdyI6ImFsbC0yZTVmYjRjYiJ9\">\n\t\t\t\t\t<div class=\"e-gallery-image elementor-gallery-item__image\" data-thumbnail=\"https:\/\/mallemb.lv\/wp-content\/uploads\/2025\/05\/WhatsApp-Image-2025-05-13-at-12.33.04-2-225x300.jpeg\" data-width=\"225\" data-height=\"300\" alt=\"\" ><\/div>\n\t\t\t\t\t\t\t\t\t\t\t<div class=\"elementor-gallery-item__overlay\"><\/div>\n\t\t\t\t\t\t\t\t\t\t\t\t\t\t<\/a>\n\t\t\t\t\t\t\t<a class=\"e-gallery-item elementor-gallery-item elementor-animated-content\" href=\"https:\/\/mallemb.lv\/wp-content\/uploads\/2025\/05\/WhatsApp-Image-2025-05-14-at-06.17.41-1.jpeg\" data-elementor-open-lightbox=\"yes\" data-elementor-lightbox-slideshow=\"all-2e5fb4cb\" data-elementor-lightbox-title=\"WhatsApp Image 2025-05-14 at 06.17.41 (1)\" data-e-action-hash=\"#elementor-action%3Aaction%3Dlightbox%26settings%3DeyJpZCI6NTU1OSwidXJsIjoiaHR0cHM6XC9cL21hbGxlbWIubHZcL3dwLWNvbnRlbnRcL3VwbG9hZHNcLzIwMjVcLzA1XC9XaGF0c0FwcC1JbWFnZS0yMDI1LTA1LTE0LWF0LTA2LjE3LjQxLTEuanBlZyIsInNsaWRlc2hvdyI6ImFsbC0yZTVmYjRjYiJ9\">\n\t\t\t\t\t<div class=\"e-gallery-image elementor-gallery-item__image\" data-thumbnail=\"https:\/\/mallemb.lv\/wp-content\/uploads\/2025\/05\/WhatsApp-Image-2025-05-14-at-06.17.41-1-225x300.jpeg\" data-width=\"225\" data-height=\"300\" alt=\"\" ><\/div>\n\t\t\t\t\t\t\t\t\t\t\t<div class=\"elementor-gallery-item__overlay\"><\/div>\n\t\t\t\t\t\t\t\t\t\t\t\t\t\t<\/a>\n\t\t\t\t\t\t\t<a class=\"e-gallery-item elementor-gallery-item elementor-animated-content\" href=\"https:\/\/mallemb.lv\/wp-content\/uploads\/2025\/05\/WhatsApp-Image-2025-05-14-at-06.18.44.jpeg\" data-elementor-open-lightbox=\"yes\" data-elementor-lightbox-slideshow=\"all-2e5fb4cb\" data-elementor-lightbox-title=\"WhatsApp Image 2025-05-14 at 06.18.44\" data-e-action-hash=\"#elementor-action%3Aaction%3Dlightbox%26settings%3DeyJpZCI6NTU2MSwidXJsIjoiaHR0cHM6XC9cL21hbGxlbWIubHZcL3dwLWNvbnRlbnRcL3VwbG9hZHNcLzIwMjVcLzA1XC9XaGF0c0FwcC1JbWFnZS0yMDI1LTA1LTE0LWF0LTA2LjE4LjQ0LmpwZWciLCJzbGlkZXNob3ciOiJhbGwtMmU1ZmI0Y2IifQ%3D%3D\">\n\t\t\t\t\t<div class=\"e-gallery-image elementor-gallery-item__image\" data-thumbnail=\"https:\/\/mallemb.lv\/wp-content\/uploads\/2025\/05\/WhatsApp-Image-2025-05-14-at-06.18.44-225x300.jpeg\" data-width=\"225\" data-height=\"300\" alt=\"\" ><\/div>\n\t\t\t\t\t\t\t\t\t\t\t<div class=\"elementor-gallery-item__overlay\"><\/div>\n\t\t\t\t\t\t\t\t\t\t\t\t\t\t<\/a>\n\t\t\t\t\t\t\t<a class=\"e-gallery-item elementor-gallery-item elementor-animated-content\" href=\"https:\/\/mallemb.lv\/wp-content\/uploads\/2025\/05\/WhatsApp-Image-2025-05-14-at-06.18.44-1.jpeg\" data-elementor-open-lightbox=\"yes\" data-elementor-lightbox-slideshow=\"all-2e5fb4cb\" data-elementor-lightbox-title=\"WhatsApp Image 2025-05-14 at 06.18.44 (1)\" data-e-action-hash=\"#elementor-action%3Aaction%3Dlightbox%26settings%3DeyJpZCI6NTU2MiwidXJsIjoiaHR0cHM6XC9cL21hbGxlbWIubHZcL3dwLWNvbnRlbnRcL3VwbG9hZHNcLzIwMjVcLzA1XC9XaGF0c0FwcC1JbWFnZS0yMDI1LTA1LTE0LWF0LTA2LjE4LjQ0LTEuanBlZyIsInNsaWRlc2hvdyI6ImFsbC0yZTVmYjRjYiJ9\">\n\t\t\t\t\t<div class=\"e-gallery-image elementor-gallery-item__image\" data-thumbnail=\"https:\/\/mallemb.lv\/wp-content\/uploads\/2025\/05\/WhatsApp-Image-2025-05-14-at-06.18.44-1-225x300.jpeg\" data-width=\"225\" data-height=\"300\" alt=\"\" ><\/div>\n\t\t\t\t\t\t\t\t\t\t\t<div class=\"elementor-gallery-item__overlay\"><\/div>\n\t\t\t\t\t\t\t\t\t\t\t\t\t\t<\/a>\n\t\t\t\t\t\t\t<a class=\"e-gallery-item elementor-gallery-item elementor-animated-content\" href=\"https:\/\/mallemb.lv\/wp-content\/uploads\/2025\/05\/WhatsApp-Image-2025-05-14-at-06.24.04-5.jpeg\" data-elementor-open-lightbox=\"yes\" data-elementor-lightbox-slideshow=\"all-2e5fb4cb\" data-elementor-lightbox-title=\"WhatsApp Image 2025-05-14 at 06.24.04 (5)\" data-e-action-hash=\"#elementor-action%3Aaction%3Dlightbox%26settings%3DeyJpZCI6NTU3MCwidXJsIjoiaHR0cHM6XC9cL21hbGxlbWIubHZcL3dwLWNvbnRlbnRcL3VwbG9hZHNcLzIwMjVcLzA1XC9XaGF0c0FwcC1JbWFnZS0yMDI1LTA1LTE0LWF0LTA2LjI0LjA0LTUuanBlZyIsInNsaWRlc2hvdyI6ImFsbC0yZTVmYjRjYiJ9\">\n\t\t\t\t\t<div class=\"e-gallery-image elementor-gallery-item__image\" data-thumbnail=\"https:\/\/mallemb.lv\/wp-content\/uploads\/2025\/05\/WhatsApp-Image-2025-05-14-at-06.24.04-5-300x225.jpeg\" data-width=\"300\" data-height=\"225\" alt=\"\" ><\/div>\n\t\t\t\t\t\t\t\t\t\t\t<div class=\"elementor-gallery-item__overlay\"><\/div>\n\t\t\t\t\t\t\t\t\t\t\t\t\t\t<\/a>\n\t\t\t\t\t\t\t<a class=\"e-gallery-item elementor-gallery-item elementor-animated-content\" href=\"https:\/\/mallemb.lv\/wp-content\/uploads\/2025\/05\/WhatsApp-Image-2025-05-14-at-06.24.04-2.jpeg\" data-elementor-open-lightbox=\"yes\" data-elementor-lightbox-slideshow=\"all-2e5fb4cb\" data-elementor-lightbox-title=\"WhatsApp Image 2025-05-14 at 06.24.04 (2)\" data-e-action-hash=\"#elementor-action%3Aaction%3Dlightbox%26settings%3DeyJpZCI6NTU2NywidXJsIjoiaHR0cHM6XC9cL21hbGxlbWIubHZcL3dwLWNvbnRlbnRcL3VwbG9hZHNcLzIwMjVcLzA1XC9XaGF0c0FwcC1JbWFnZS0yMDI1LTA1LTE0LWF0LTA2LjI0LjA0LTIuanBlZyIsInNsaWRlc2hvdyI6ImFsbC0yZTVmYjRjYiJ9\">\n\t\t\t\t\t<div class=\"e-gallery-image elementor-gallery-item__image\" data-thumbnail=\"https:\/\/mallemb.lv\/wp-content\/uploads\/2025\/05\/WhatsApp-Image-2025-05-14-at-06.24.04-2-300x225.jpeg\" data-width=\"300\" data-height=\"225\" alt=\"\" ><\/div>\n\t\t\t\t\t\t\t\t\t\t\t<div class=\"elementor-gallery-item__overlay\"><\/div>\n\t\t\t\t\t\t\t\t\t\t\t\t\t\t<\/a>\n\t\t\t\t\t\t\t<a class=\"e-gallery-item elementor-gallery-item elementor-animated-content\" href=\"https:\/\/mallemb.lv\/wp-content\/uploads\/2025\/05\/WhatsApp-Image-2025-05-14-at-06.24.04-3.jpeg\" data-elementor-open-lightbox=\"yes\" data-elementor-lightbox-slideshow=\"all-2e5fb4cb\" data-elementor-lightbox-title=\"WhatsApp Image 2025-05-14 at 06.24.04 (3)\" data-e-action-hash=\"#elementor-action%3Aaction%3Dlightbox%26settings%3DeyJpZCI6NTU2OCwidXJsIjoiaHR0cHM6XC9cL21hbGxlbWIubHZcL3dwLWNvbnRlbnRcL3VwbG9hZHNcLzIwMjVcLzA1XC9XaGF0c0FwcC1JbWFnZS0yMDI1LTA1LTE0LWF0LTA2LjI0LjA0LTMuanBlZyIsInNsaWRlc2hvdyI6ImFsbC0yZTVmYjRjYiJ9\">\n\t\t\t\t\t<div class=\"e-gallery-image elementor-gallery-item__image\" data-thumbnail=\"https:\/\/mallemb.lv\/wp-content\/uploads\/2025\/05\/WhatsApp-Image-2025-05-14-at-06.24.04-3-300x225.jpeg\" data-width=\"300\" data-height=\"225\" alt=\"\" ><\/div>\n\t\t\t\t\t\t\t\t\t\t\t<div class=\"elementor-gallery-item__overlay\"><\/div>\n\t\t\t\t\t\t\t\t\t\t\t\t\t\t<\/a>\n\t\t\t\t\t\t\t<a class=\"e-gallery-item elementor-gallery-item elementor-animated-content\" href=\"https:\/\/mallemb.lv\/wp-content\/uploads\/2025\/05\/WhatsApp-Image-2025-05-14-at-06.24.04-4.jpeg\" data-elementor-open-lightbox=\"yes\" data-elementor-lightbox-slideshow=\"all-2e5fb4cb\" data-elementor-lightbox-title=\"WhatsApp Image 2025-05-14 at 06.24.04 (4)\" data-e-action-hash=\"#elementor-action%3Aaction%3Dlightbox%26settings%3DeyJpZCI6NTU2OSwidXJsIjoiaHR0cHM6XC9cL21hbGxlbWIubHZcL3dwLWNvbnRlbnRcL3VwbG9hZHNcLzIwMjVcLzA1XC9XaGF0c0FwcC1JbWFnZS0yMDI1LTA1LTE0LWF0LTA2LjI0LjA0LTQuanBlZyIsInNsaWRlc2hvdyI6ImFsbC0yZTVmYjRjYiJ9\">\n\t\t\t\t\t<div class=\"e-gallery-image elementor-gallery-item__image\" data-thumbnail=\"https:\/\/mallemb.lv\/wp-content\/uploads\/2025\/05\/WhatsApp-Image-2025-05-14-at-06.24.04-4-225x300.jpeg\" data-width=\"225\" data-height=\"300\" alt=\"\" ><\/div>\n\t\t\t\t\t\t\t\t\t\t\t<div class=\"elementor-gallery-item__overlay\"><\/div>\n\t\t\t\t\t\t\t\t\t\t\t\t\t\t<\/a>\n\t\t\t\t\t<\/div>\n\t\t\t\t\t<\/div>\n\t\t\t\t<\/div>\n\t\t\t\t<\/div>\n\t\t\t\t\t<\/div>\n\t\t\t\t<\/div>\n\t\t\t\t<\/div>\n\t\t","protected":false},"excerpt":{"rendered":"<p>Citi darbi: Pied\u0101v\u0101jam da\u017e\u0101da veida citus darbus, k\u0101 piem\u0113ram labiek\u0101rto\u0161ana, apza\u013cumo\u0161ana, dekorat\u012bvo elementu izstr\u0101de u.c<\/p>\n","protected":false},"author":1,"featured_media":0,"parent":0,"menu_order":0,"comment_status":"closed","ping_status":"closed","template":"","meta":{"footnotes":""},"class_list":["post-4144","page","type-page","status-publish","hentry"],"_links":{"self":[{"href":"https:\/\/mallemb.lv\/lv\/wp-json\/wp\/v2\/pages\/4144","targetHints":{"allow":["GET"]}}],"collection":[{"href":"https:\/\/mallemb.lv\/lv\/wp-json\/wp\/v2\/pages"}],"about":[{"href":"https:\/\/mallemb.lv\/lv\/wp-json\/wp\/v2\/types\/page"}],"author":[{"embeddable":true,"href":"https:\/\/mallemb.lv\/lv\/wp-json\/wp\/v2\/users\/1"}],"replies":[{"embeddable":true,"href":"https:\/\/mallemb.lv\/lv\/wp-json\/wp\/v2\/comments?post=4144"}],"version-history":[{"count":12,"href":"https:\/\/mallemb.lv\/lv\/wp-json\/wp\/v2\/pages\/4144\/revisions"}],"predecessor-version":[{"id":5571,"href":"https:\/\/mallemb.lv\/lv\/wp-json\/wp\/v2\/pages\/4144\/revisions\/5571"}],"wp:attachment":[{"href":"https:\/\/mallemb.lv\/lv\/wp-json\/wp\/v2\/media?parent=4144"}],"curies":[{"name":"wp","href":"https:\/\/api.w.org\/{rel}","templated":true}]}}